{"id":79,"date":"2018-06-01T07:30:40","date_gmt":"2018-06-01T05:30:40","guid":{"rendered":"http:\/\/localhost:9080\/wordpress\/?page_id=79"},"modified":"2021-10-26T08:45:28","modified_gmt":"2021-10-26T06:45:28","slug":"sherbimet","status":"publish","type":"page","link":"https:\/\/www.vme.al\/AL\/sherbimet\/","title":{"rendered":"Sherbimet"},"content":{"rendered":"<p><\/p>\n<h1 style=\"text-align: justify;\"><span style=\"font-family: helvetica, arial, sans-serif;\"><strong>TE GJITHA SHERBIMET<\/strong><\/span><\/h1>\n<ul style=\"text-align: justify;\">\n<li><span style=\"font-family: helvetica, arial, sans-serif; font-size: 16px;\">Testimi i mat\u00ebsave elektrik n\u00eb laborator nj\u00eb dhe shum\u00eb fazor\u00eb t\u00eb energjis\u00eb aktive dhe reaktive<\/span><\/li>\n<li><span style=\"font-family: helvetica, arial, sans-serif; font-size: 16px;\">Inspektimi i mat\u00ebsave elektrik n\u00eb terren nj\u00eb dhe shum\u00eb fazor\u00eb t\u00eb energjis\u00eb aktive dhe reaktive<\/span><\/li>\n<li><span style=\"font-family: helvetica, arial, sans-serif; font-size: 16px;\">Inspektimi i transformator\u00ebve t\u00eb rrym\u00ebs<\/span><\/li>\n<li><span style=\"font-family: helvetica, arial, sans-serif; font-size: 16px;\">Verifikim t\u00eb lidhjeve t\u00eb mat\u00ebsave<\/span><\/li>\n<li><span style=\"font-family: helvetica, arial, sans-serif; font-size: 16px;\">Pajisje testimi t\u00eb automatizuara<\/span><\/li>\n<li><span style=\"font-family: helvetica, arial, sans-serif; font-size: 16px;\">Dokumentim<\/span><\/li>\n<li><span style=\"font-family: helvetica, arial, sans-serif; font-size: 16px;\">Suport teknik<\/span><\/li>\n<li><span style=\"font-family: helvetica, arial, sans-serif; font-size: 16px;\">Cil\u00ebsi e garantuar<\/span><\/li>\n<li><span style=\"font-family: helvetica, arial, sans-serif; font-size: 16px;\">Vulosje e siguris\u00eb s\u00eb lart\u00eb t\u00eb mat\u00ebsit<\/span><\/li>\n<li><span style=\"font-family: helvetica, arial, sans-serif; font-size: 16px;\">Vulosje e siguris\u00eb s\u00eb lart\u00eb t\u00eb terminaleve t\u00eb mat\u00ebsit<\/span><\/li>\n<li><span style=\"font-family: helvetica, arial, sans-serif; font-size: 16px;\">Etiketa sigurie t\u00eb vet\u00ebshkat\u00ebrrueshme<\/span><\/li>\n<li><span style=\"font-family: helvetica, arial, sans-serif; font-size: 16px;\">Marrje dhe dor\u00ebzim i mat\u00ebsave<\/span><\/li>\n<li><span style=\"font-family: helvetica, arial, sans-serif; font-size: 16px;\">Sh\u00ebrbim i shpejt\u00eb<\/span><\/li>\n<li><span style=\"font-family: helvetica, arial, sans-serif; font-size: 16px;\">Leht\u00ebsi dhe asistenc\u00eb n\u00eb vendimmarrje<\/span><\/li>\n<\/ul>\n<p>&nbsp;<\/p>\n<h1 style=\"text-align: justify;\"><span style=\"font-family: helvetica, arial, sans-serif;\">SHERBIMET KRYESORE<\/span><\/h1>\n<p><span style=\"font-family: helvetica, arial, sans-serif; font-size: 16px;\"><strong>Testimi<br \/>\n<\/strong>VME ofron sh\u00ebrbimin e testimit t\u00eb mat\u00ebsave elektrik n\u00eb p\u00ebrputhje me standardet komb\u00ebtare dhe nd\u00ebrkomb\u00ebtare p\u00ebrkat\u00ebse. Me nj\u00eb procedur\u00eb t\u00eb leht\u00eb dhe fluide, mund t\u00eb rezervoni cdo dit\u00eb t\u00eb mund\u00ebshme per sh\u00ebrbimin ton\u00eb. Ne do ju p\u00ebrgjigjemi me shpejt\u00ebsi dhe korrekt\u00ebsi k\u00ebrkesave dhe pyetjeve tuaja.<\/span><\/p>\n<p>&nbsp;<\/p>\n<p><span style=\"font-size: 16px;\"><span style=\"font-family: helvetica, arial, sans-serif;\"><strong>Laboratori i testimit<br \/>\n<\/strong><\/span><span style=\"font-family: helvetica, arial, sans-serif;\">Laboratori i testimit t\u00eb VME \u00ebsht\u00eb nga m\u00eb t\u00eb p\u00ebrparuarit sot n\u00eb treg. Ne realizojme testime me instrumenta referues t\u00eb nj\u00eb klase t\u00eb lart\u00eb sakt\u00ebsie. Instrumentat tan\u00eb jan\u00eb kalibruar nga kompani t\u00eb akredituara, kjo i b\u00ebn ato t\u00eb gjurmuesh\u00ebm deri n\u00eb etalonet nd\u00ebrkomb\u00ebtare. T\u00eb dh\u00ebnat e testimeve tona ruhen n\u00eb database t\u00eb sigurt me kodim SQL. Ky sistem na jep mund\u00ebsi t\u00eb manaxhojm\u00eb t\u00eb dh\u00ebnat n\u00eb m\u00ebnyr\u00eb shum\u00eb fluide, t\u00eb sigurt dhe t\u00eb aksesueshme p\u00ebr k\u00ebdo q\u00eb k\u00ebrkon nj\u00eb sh\u00ebrbim t\u00eb till\u00eb.<\/span><\/span><\/p>\n<p>&nbsp;<\/p>\n<p><span style=\"font-size: 16px;\"><span style=\"font-family: helvetica, arial, sans-serif;\"><strong>Inspektimi i mat\u00ebsave elektrik<br \/>\n<\/strong><\/span><span style=\"font-family: helvetica, arial, sans-serif;\">VME n\u00eb terren ofron sh\u00ebrbimin e inspektimit t\u00eb mat\u00ebsave elektrik. Ky sh\u00ebrbim konsiston n\u00eb inspektimin e gjendjes s\u00eb mat\u00ebsit, tensionit me t\u00eb cilin ushqehet mat\u00ebsi, rregullsia e lidhjeve elektrike, gjendja e element\u00ebve t\u00eb sigurise etj. Mat\u00ebsi testohet p\u00ebr nivelin e gabimit n\u00eb matje q\u00eb ai ka dhe l\u00ebshohet test raporti. Testimi\u00a0 i mat\u00ebsit mund t\u00eb b\u00ebhet me burim ushqimi t\u00eb pamvarur, ose n\u00ebs\u00eb nuk preferohet heqja e mat\u00ebsit nga skema e lidhjes mund t\u00eb testohet me instrumenta q\u00eb shfryt\u00ebzojn\u00eb ngarkes\u00eb faktike q\u00eb ka mat\u00ebsi n\u00eb mom\u00ebntin e testimit. Gjithashtu VME ofron edhe sh\u00ebrbimin e inspektimit t\u00eb transformator\u00ebve t\u00eb rrym\u00ebs si nj\u00eb element i r\u00ebnd\u00ebsish\u00ebm n\u00eb skem\u00ebn e matjes s\u00eb energjis\u00eb elektrike.<\/span><\/span><\/p>\n<p>&nbsp;<\/p>\n<h1 style=\"text-align: justify;\"><span style=\"font-family: helvetica, arial, sans-serif;\">VULA &amp; ETIKETA<\/span><\/h1>\n<p style=\"text-align: justify;\"><span style=\"font-size: 16px;\"><strong><span style=\"font-family: helvetica, arial, sans-serif;\">Vulat e siguris\u00eb<br \/>\n<\/span><\/strong><span style=\"font-family: helvetica, arial, sans-serif;\">Vulat VME jan\u00eb t\u00eb nj\u00eb cil\u00ebsie shum\u00eb t\u00eb lart\u00eb. Ato p\u00ebrb\u00ebhen nga dy pjes\u00eb:<\/span><\/span><\/p>\n<ul style=\"text-align: justify;\">\n<li><span style=\"font-family: helvetica, arial, sans-serif; font-size: 16px;\">Trupi i cili n\u00ebp\u00ebrmjet nj\u00eb mekanizmi pranon dhe fikson pjes\u00ebn e levizshme dhe telin. Ai \u00ebsht\u00eb i p\u00ebrb\u00ebr\u00eb nga polikarbone rezistente ndaj rrezatimeve UV.<\/span><\/li>\n<li><span style=\"font-family: helvetica, arial, sans-serif; font-size: 16px;\">Pjesa e l\u00ebvizshme prej materiali acetal mund\u00ebson futjen e saj tek trupi i vul\u00ebs.<\/span><\/li>\n<\/ul>\n<p style=\"text-align: justify;\"><span style=\"font-size: 16px;\"><span style=\"font-family: helvetica, arial, sans-serif;\">Bashkimi\u00a0 i dy pjes\u00ebve nuk lejon asnj\u00eb hapsir\u00eb midis tyre p\u00ebr futjen e objekteve t\u00eb mbrehta dhe t\u00eb imta. Teli q\u00eb futet n\u00eb t\u00eb nuk mund t\u00eb t\u00ebrhiqet prap\u00eb pa l\u00ebn\u00eb shenja t\u00eb qarta.<br \/>\n<\/span><span style=\"font-family: helvetica, arial, sans-serif;\">Duke qen\u00eb prej materiali rezistent ndaj rrezatimit UV pjes\u00eb t\u00eb ndryshme t\u00eb vul\u00ebs nuk p\u00ebsojn\u00eb ndryshime n\u00eb form\u00eb apo ngjyr\u00eb. Ato durojn\u00eb temperatura nga \u2013 40\u00b0C deri n\u00eb 120\u00b0C.<br \/>\n<\/span><span style=\"font-family: helvetica, arial, sans-serif;\">Vula mund t\u00eb p\u00ebrdoret vet\u00ebm nj\u00eb her\u00eb dhe montimi i saj realizohet pa nevoj\u00ebn e veglave. Pas montimit cdo tentativ\u00eb p\u00ebr ta hapur do t\u00eb rezultonte me shenja t\u00eb dallueshme.<br \/>\n<\/span><span style=\"font-family: helvetica, arial, sans-serif;\">Vulat p\u00ebr vulosjen e mat\u00ebsit ndryshojn\u00eb me ato t\u00eb vulosjes s\u00eb terminaleve nga gjyra duke i b\u00ebr\u00eb leht\u00eb t\u00eb dallueshme.<br \/>\n<\/span><span style=\"font-family: helvetica, arial, sans-serif;\">Vulat kan\u00eb num\u00ebr serial t\u00eb nj\u00ebjt\u00eb n\u00eb trup dhe pjes\u00ebn e l\u00ebvizshme t\u00eb printuar me lazer i cili nuk mund t\u00eb ndryshohet pa l\u00ebn\u00eb shenja.<\/span><\/span><\/p>\n<p style=\"text-align: justify;\"><span style=\"font-family: helvetica, arial, sans-serif;\"><img loading=\"lazy\" decoding=\"async\" class=\"alignnone wp-image-468\" src=\"https:\/\/www.vme.al\/wp-content\/uploads\/2019\/05\/vula1-262x300.png\" alt=\"\" width=\"116\" height=\"133\" srcset=\"https:\/\/www.vme.al\/wp-content\/uploads\/2019\/05\/vula1-262x300.png 262w, https:\/\/www.vme.al\/wp-content\/uploads\/2019\/05\/vula1.png 327w\" sizes=\"auto, (max-width: 116px) 100vw, 116px\" \/> <img loading=\"lazy\" decoding=\"async\" class=\"alignnone wp-image-469\" src=\"https:\/\/www.vme.al\/wp-content\/uploads\/2019\/05\/Vule-Morseterie-v2-262x300.png\" alt=\"\" width=\"115\" height=\"132\" srcset=\"https:\/\/www.vme.al\/wp-content\/uploads\/2019\/05\/Vule-Morseterie-v2-262x300.png 262w, https:\/\/www.vme.al\/wp-content\/uploads\/2019\/05\/Vule-Morseterie-v2.png 340w\" sizes=\"auto, (max-width: 115px) 100vw, 115px\" \/><\/span><\/p>\n<p>&nbsp;<\/p>\n<p style=\"text-align: justify;\"><span style=\"font-size: 16px;\"><strong><span style=\"font-family: helvetica, arial, sans-serif;\">Etiketat e siguris\u00eb<br \/>\n<\/span><\/strong><span style=\"font-family: helvetica, arial, sans-serif;\">Etiketat tona t\u00eb siguris\u00eb jan\u00eb rezitente ndaj temperaturave, lag\u00ebshtis\u00eb apo substancave tret\u00ebse.\u00a0<\/span><span style=\"font-family: helvetica, arial, sans-serif;\">Ato nuk lejojn\u00eb l\u00ebvizjen e tyre pasi len\u00eb shenja t\u00eb qarta n\u00eb trupin\u00a0 mat\u00ebsit.<\/span><\/span><\/p>\n<p style=\"text-align: justify;\"><img loading=\"lazy\" decoding=\"async\" class=\"alignnone wp-image-474\" src=\"https:\/\/www.vme.al\/wp-content\/uploads\/2019\/05\/etikrtatitest-300x151.jpg\" alt=\"\" width=\"224\" height=\"97\" \/> <img loading=\"lazy\" decoding=\"async\" class=\"alignnone wp-image-473\" src=\"https:\/\/www.vme.al\/wp-content\/uploads\/2019\/05\/etiketaok-300x150.jpg\" alt=\"\" width=\"227\" height=\"111\" \/> <img loading=\"lazy\" decoding=\"async\" class=\"alignnone wp-image-470\" src=\"https:\/\/www.vme.al\/wp-content\/uploads\/2019\/05\/etiketa-300x150.jpg\" alt=\"\" width=\"229\" height=\"110\" \/><\/p>\n<p>&nbsp;<\/p>\n<p style=\"text-align: justify;\"><span style=\"font-size: 16px;\"><span style=\"font-family: helvetica, arial, sans-serif;\"><strong>Teli i vulosjes<\/strong><br \/>\n<\/span><span style=\"font-family: helvetica, arial, sans-serif;\">Teli i vulosjes q\u00eb p\u00ebrdor VME \u00ebsht\u00eb prej celiku t\u00eb galvanizuar jo korroziv dhe i pa magnetizuesh\u00ebm. Ai ka rezistenc\u00eb n\u00eb t\u00ebrheqje 380 +\/-35 N\/mm\u00b2.<br \/>\n<\/span><span style=\"font-family: helvetica, arial, sans-serif;\">Ai p\u00ebrb\u00ebhet prej nj\u00eb teli t\u00eb drejt\u00eb dhe nj\u00eb teli q\u00eb p\u00ebrdridhet me 5.2 her\u00eb\/cm. Teli i drejt\u00eb ka diamet\u00ebr 0.45 +\/- 0.02 mm, nd\u00ebrsa teli q\u00eb p\u00ebrdridhet e ka 0.3 +\/- 0.015 mm. Diametri total 1.04 +\/- 0.04 mm.\u00a0<\/span><span style=\"font-family: helvetica, arial, sans-serif;\">Ai ambalazhohet n\u00eb form\u00eb bobine e cila ka 470 +\/- 45 metra tel n\u00eb t\u00eb.<\/span><\/span><\/p>\n<p style=\"text-align: justify;\"><span style=\"font-family: helvetica, arial, sans-serif;\"><img loading=\"lazy\" decoding=\"async\" class=\"alignnone wp-image-131\" src=\"https:\/\/www.vme.al\/wp-content\/uploads\/2018\/06\/telvule-300x203.png\" alt=\"\" width=\"239\" height=\"162\" srcset=\"https:\/\/www.vme.al\/wp-content\/uploads\/2018\/06\/telvule-300x203.png 300w, https:\/\/www.vme.al\/wp-content\/uploads\/2018\/06\/telvule.png 399w\" sizes=\"auto, (max-width: 239px) 100vw, 239px\" \/><\/span><\/p>\n<p><\/p>","protected":false},"excerpt":{"rendered":"<p>TE GJITHA SHERBIMET Testimi i mat\u00ebsave elektrik n\u00eb laborator nj\u00eb dhe shum\u00eb fazor\u00eb t\u00eb energjis\u00eb aktive dhe reaktive Inspektimi i mat\u00ebsave elektrik n\u00eb terren nj\u00eb dhe shum\u00eb fazor\u00eb t\u00eb energjis\u00eb aktive dhe reaktive Inspektimi i transformator\u00ebve t\u00eb rrym\u00ebs Verifikim t\u00eb lidhjeve t\u00eb mat\u00ebsave Pajisje testimi t\u00eb automatizuara Dokumentim Suport teknik&#8230;<\/p>\n","protected":false},"author":2,"featured_media":0,"parent":0,"menu_order":0,"comment_status":"closed","ping_status":"closed","template":"","meta":{"footnotes":""},"class_list":["post-79","page","type-page","status-publish","hentry"],"_links":{"self":[{"href":"https:\/\/www.vme.al\/AL\/wp-json\/wp\/v2\/pages\/79","targetHints":{"allow":["GET"]}}],"collection":[{"href":"https:\/\/www.vme.al\/AL\/wp-json\/wp\/v2\/pages"}],"about":[{"href":"https:\/\/www.vme.al\/AL\/wp-json\/wp\/v2\/types\/page"}],"author":[{"embeddable":true,"href":"https:\/\/www.vme.al\/AL\/wp-json\/wp\/v2\/users\/2"}],"replies":[{"embeddable":true,"href":"https:\/\/www.vme.al\/AL\/wp-json\/wp\/v2\/comments?post=79"}],"version-history":[{"count":38,"href":"https:\/\/www.vme.al\/AL\/wp-json\/wp\/v2\/pages\/79\/revisions"}],"predecessor-version":[{"id":593,"href":"https:\/\/www.vme.al\/AL\/wp-json\/wp\/v2\/pages\/79\/revisions\/593"}],"wp:attachment":[{"href":"https:\/\/www.vme.al\/AL\/wp-json\/wp\/v2\/media?parent=79"}],"curies":[{"name":"wp","href":"https:\/\/api.w.org\/{rel}","templated":true}]}}