{"id":77,"date":"2018-06-01T07:28:48","date_gmt":"2018-06-01T07:28:48","guid":{"rendered":"http:\/\/localhost:9080\/wordpress\/?page_id=77"},"modified":"2021-10-27T08:52:57","modified_gmt":"2021-10-27T06:52:57","slug":"equipment","status":"publish","type":"page","link":"https:\/\/www.vme.al\/AL\/equipment\/","title":{"rendered":"Pajisjet"},"content":{"rendered":"<p><\/p>\n<h1><span style=\"font-family: helvetica, arial, sans-serif;\"><strong>INSTRUMENTAT TESTUESE<\/strong><\/span><\/h1>\n<p><span style=\"font-family: helvetica, arial, sans-serif; font-size: 16px;\"><strong>Pajisjet testuese perdoren nga laboratori i VME per testimin e matesave elektrik si me poshte:<\/strong><\/span><\/p>\n<ul>\n<li><span style=\"font-family: helvetica, arial, sans-serif; font-size: 16px;\">Stend\u00eb nj\u00eb fazore me 24 element\u00eb klas\u00eb sakt\u00ebsie 0.05%<\/span><\/li>\n<li><span style=\"font-family: helvetica, arial, sans-serif; font-size: 16px;\">Stend\u00eb portative nj\u00ebfazore me 5 element\u00eb klas\u00eb sakt\u00ebsie 0.05%<\/span><\/li>\n<li><span style=\"font-family: helvetica, arial, sans-serif; font-size: 16px;\">Stend\u00eb trefazore me 16 element\u00eb klas\u00eb sakt\u00ebsie 0.05%<\/span><\/li>\n<li><span style=\"font-family: helvetica, arial, sans-serif; font-size: 16px;\">Stend\u00eb portative trefazore me 3 element\u00eb klas\u00eb sakt\u00ebsie 0.05%<\/span><\/li>\n<li><span style=\"font-family: helvetica, arial, sans-serif; font-size: 16px;\">Instrument p\u00ebr matjen e temperatur\u00ebs dhe lag\u00ebshtis\u00eb Testo 174H klas\u00eb sakt\u00ebsie 0.5%<\/span><\/li>\n<li><span style=\"font-family: helvetica, arial, sans-serif; font-size: 16px;\">Instrument inspektues p\u00ebr rezistenc\u00ebn e izolimit model HY2305<\/span><\/li>\n<li><span style=\"font-family: helvetica, arial, sans-serif; font-size: 16px;\">Instrument inspektues p\u00ebr rezistenc\u00ebn e izolimit model MI3205<\/span><\/li>\n<\/ul>\n<p style=\"text-align: left;\"><span style=\"font-size: 16px; font-family: helvetica, arial, sans-serif;\"><em>Stend\u00eb 3 fazore:<\/em><\/span><\/p>\n<p style=\"text-align: left;\"><span style=\"font-size: 16px; font-family: helvetica, arial, sans-serif;\"><img decoding=\"async\" style=\"width: 100%; max-width: 400px;\" src=\"https:\/\/www.vme.al\/wp-content\/uploads\/2018\/07\/ThreePhaseStand.png\" \/><\/span><\/p>\n<p style=\"text-align: left;\"><span style=\"font-family: helvetica, arial, sans-serif; font-size: 16px;\"><em>Stend\u00eb 1 fazore:<\/em><\/span><\/p>\n<p><span style=\"font-family: helvetica, arial, sans-serif;\"><img decoding=\"async\" style=\"width: 100%; max-width: 400px;\" src=\"https:\/\/www.vme.al\/wp-content\/uploads\/2018\/07\/3dd2.png\" \/><\/span><\/p>\n<p>&nbsp;<\/p>\n<p>&nbsp;<\/p>\n<h1><span style=\"font-family: helvetica, arial, sans-serif;\">PAJISJET INSPEKTUESE<\/span><\/h1>\n<p><span style=\"font-family: helvetica, arial, sans-serif; font-size: 16px;\">Pajisjet inspektuese perdoren nga Inspektoret e VME ne terren per verifikimin e matesave elektrik<\/span><\/p>\n<p style=\"text-align: left;\"><span style=\"font-size: 16px; font-family: helvetica, arial, sans-serif;\"><em>Instrument inspektues 1 fazor:<\/em><\/span><\/p>\n<p><span style=\"font-family: helvetica, arial, sans-serif;\"><img decoding=\"async\" src=\"https:\/\/www.vme.al\/wp-content\/uploads\/2018\/07\/handheld-single-phase1-300x185.png\" \/><\/span><\/p>\n<p style=\"text-align: left;\"><span style=\"font-size: 16px; font-family: helvetica, arial, sans-serif;\"><em>Instrument inspektues 3 fazor:<\/em><\/span><br \/>\n<span style=\"font-size: 16px; font-family: helvetica, arial, sans-serif;\"><img decoding=\"async\" src=\"https:\/\/www.vme.al\/wp-content\/uploads\/2018\/07\/58_01-300x300.png\" \/><\/span><\/p>\n<p><\/p>","protected":false},"excerpt":{"rendered":"<p>INSTRUMENTAT TESTUESE Pajisjet testuese perdoren nga laboratori i VME per testimin e matesave elektrik si me poshte: Stend\u00eb nj\u00eb fazore me 24 element\u00eb klas\u00eb sakt\u00ebsie 0.05% Stend\u00eb portative nj\u00ebfazore me 5 element\u00eb klas\u00eb sakt\u00ebsie 0.05% Stend\u00eb trefazore me 16 element\u00eb klas\u00eb sakt\u00ebsie 0.05% Stend\u00eb portative trefazore me 3 element\u00eb klas\u00eb&#8230;<\/p>\n","protected":false},"author":2,"featured_media":0,"parent":0,"menu_order":0,"comment_status":"closed","ping_status":"closed","template":"","meta":{"footnotes":""},"class_list":["post-77","page","type-page","status-publish","hentry"],"_links":{"self":[{"href":"https:\/\/www.vme.al\/AL\/wp-json\/wp\/v2\/pages\/77","targetHints":{"allow":["GET"]}}],"collection":[{"href":"https:\/\/www.vme.al\/AL\/wp-json\/wp\/v2\/pages"}],"about":[{"href":"https:\/\/www.vme.al\/AL\/wp-json\/wp\/v2\/types\/page"}],"author":[{"embeddable":true,"href":"https:\/\/www.vme.al\/AL\/wp-json\/wp\/v2\/users\/2"}],"replies":[{"embeddable":true,"href":"https:\/\/www.vme.al\/AL\/wp-json\/wp\/v2\/comments?post=77"}],"version-history":[{"count":34,"href":"https:\/\/www.vme.al\/AL\/wp-json\/wp\/v2\/pages\/77\/revisions"}],"predecessor-version":[{"id":664,"href":"https:\/\/www.vme.al\/AL\/wp-json\/wp\/v2\/pages\/77\/revisions\/664"}],"wp:attachment":[{"href":"https:\/\/www.vme.al\/AL\/wp-json\/wp\/v2\/media?parent=77"}],"curies":[{"name":"wp","href":"https:\/\/api.w.org\/{rel}","templated":true}]}}