{"id":379,"date":"2018-07-18T11:39:17","date_gmt":"2018-07-18T11:39:17","guid":{"rendered":"https:\/\/www.vme.al\/?page_id=379"},"modified":"2018-08-02T09:57:04","modified_gmt":"2018-08-02T09:57:04","slug":"prices","status":"publish","type":"page","link":"https:\/\/www.vme.al\/AL\/sherbimet\/prices\/","title":{"rendered":"Cmimet"},"content":{"rendered":"<p><div class=\"ptsTableFrontedShell\">\r\n\t<!-- Style to display all tables correct-->\r\n\t<!-- this block will be remove in frontend.tables.editor.block.base after init -->\r\n\t<div class=\"ptsPreDisplayStyle\">\r\n\t\t<style>\r\n\t\t\t.ptsBlock {\r\n\t\t\t\topacity: 0;\r\n\t\t\t\tvisibility: hidden;\r\n\t\t\t}\r\n\t\t<\/style>\r\n\t<\/div>\r\n\t<div id=\"ptsBlock_298787\" data-original-id=\"3\" class=\"ptsBlock \" data-id=\"9\">\n\t\t\t<style type=\"text\/css\" class=\"ptsBlockStyle\">#ptsBlock_298787 {}\n#ptsBlock_298787 .ptsCol {\twidth:150px;  transition: box-shadow 0.25 ease 0;\n}\n#ptsBlock_298787 .ptsColHeader,\n#ptsBlock_298787 .ptsColDesc {\n\tpadding: 10px;\n}\n#ptsBlock_298787 p {\n\tmargin: 0;\n}\n#ptsBlock_298787 .ptsRows .ptsCell,\n#ptsBlock_298787 .ptsColFooter {\n\tpadding: 10px 0;\n}\n#ptsBlock_298787 .ptsColHeader {\n\tbackground-color:#383838; \/* background color for non-css3 browsers *\/\n\t\/* gradient *\/\n  background-image: linear-gradient(top,#424242,#2b2b2b); \/* W3C *\/\n\tfilter: progid:DXImageTransform.Microsoft.gradient(startColorstr='#424242', endColorstr='#2b2b2b'); \/* IE5.5 - 7 *\/\n\t-ms-filter: progid:DXImageTransform.Microsoft.gradient(startColorstr='#424242', endColorstr='#2b2b2b'); \/* IE8 *\/\n\tbackground: -ms-linear-gradient(top,#424242,#2b2b2b); \/* IE9 *\/\n  background: -moz-linear-gradient(top,#424242,#2b2b2b); \/* Firefox *\/ \n\tbackground: -o-linear-gradient(top,#424242,#2b2b2b); \/* Opera 11  *\/\n\tbackground: -webkit-linear-gradient(top,#424242,#2b2b2b); \/* Chrome 11  *\/\n\tbackground: -webkit-gradient(linear, left top, left bottom, color-stop(0,#424242), color-stop(1,#2b2b2b)); \/* Chrome 10, Safari *\/\n  \n  \tborder-bottom: 1px solid#1a1a1a;\n}\n#ptsBlock_298787 .ptsColDesc {\n\tbackground-color:#383838; \/* background color for non-css3 browsers *\/\n\t\/* gradient *\/\n  background-image: linear-gradient(top,#333333,#1a1a1a); \/* W3C *\/\n\tfilter: progid:DXImageTransform.Microsoft.gradient(startColorstr='#333333', endColorstr='#1a1a1a'); \/* IE5.5 - 7 *\/\n\t-ms-filter: progid:DXImageTransform.Microsoft.gradient(startColorstr='#333333', endColorstr='#1a1a1a'); \/* IE8 *\/\n\tbackground: -ms-linear-gradient(top,#333333,#1a1a1a); \/* IE9 *\/\n  background: -moz-linear-gradient(top,#333333,#1a1a1a); \/* Firefox *\/ \n\tbackground: -o-linear-gradient(top,#333333,#1a1a1a); \/* Opera 11  *\/\n\tbackground: -webkit-linear-gradient(top,#333333,#1a1a1a); \/* Chrome 11  *\/\n\tbackground: -webkit-gradient(linear, left top, left bottom, color-stop(0,#333333), color-stop(1,#1a1a1a)); \/* Chrome 10, Safari *\/\n  \n  \tborder-top: 1px solid#474747;\n}\n#ptsBlock_298787 .ptsRows .ptsCell:nth-child(odd) {\n\tbackground-color:#e7e7e7;\n}\n#ptsBlock_298787 .ptsRows .ptsCell:nth-child(even) {\n\tbackground-color:#ffffff;\n}\n#ptsBlock_298787 .ptsCol:nth-child(odd) .ptsRows .ptsCell:nth-child(odd) {\n\tbackground-color:#d3d3d3;\n}\n#ptsBlock_298787 .ptsCol:nth-child(odd) .ptsRows .ptsCell:nth-child(even) {\n\tbackground-color:#e7e7e7;\n}\n#ptsBlock_298787 .ptsColFooter {\n \tbackground-color:#c4c4c4; \/* background color for non-css3 browsers *\/\n\t\/* gradient *\/\n\tbackground-image: linear-gradient(top,#e2e2e2,#a6a6a6); \/* W3C *\/\n\tfilter: progid:DXImageTransform.Microsoft.gradient(startColorstr='#e2e2e2', endColorstr='#a6a6a6'); \/* IE5.5 - 7 *\/\n\t-ms-filter: progid:DXImageTransform.Microsoft.gradient(startColorstr='#e2e2e2', endColorstr='#a6a6a6'); \/* IE8 *\/\n\tbackground: -ms-linear-gradient(top,#e2e2e2,#a6a6a6); \/* IE9 *\/\n\tbackground: -moz-linear-gradient(top,#e2e2e2,#a6a6a6); \/* Firefox *\/ \n\tbackground: -o-linear-gradient(top,#e2e2e2,#a6a6a6); \/* Opera 11  *\/\n\tbackground: -webkit-linear-gradient(top,#e2e2e2,#a6a6a6); \/* Chrome 11  *\/\n\tbackground: -webkit-gradient(linear, left top, left bottom, color-stop(0,#e2e2e2), color-stop(1,#a6a6a6)); \/* Chrome 10, Safari *\/\n  \n\tborder-top: 1px solid#d3d3d3;\n}\n#ptsBlock_298787 .ptsActBtn:hover {\n\t background-color:#b0b0b0; \/* background color for non-css3 browsers *\/\n\t\/* gradient *\/\n\tbackground-image: linear-gradient(top,#cecece,#929292); \/* W3C *\/\n\tfilter: progid:DXImageTransform.Microsoft.gradient(startColorstr='#cecece', endColorstr='#929292'); \/* IE5.5 - 7 *\/\n\t-ms-filter: progid:DXImageTransform.Microsoft.gradient(startColorstr='#cecece', endColorstr='#929292'); \/* IE8 *\/\n\tbackground: -ms-linear-gradient(top,#cecece,#929292); \/* IE9 *\/\n\tbackground: -moz-linear-gradient(top,#cecece,#929292); \/* Firefox *\/ \n\tbackground: -o-linear-gradient(top,#cecece,#929292); \/* Opera 11  *\/\n\tbackground: -webkit-linear-gradient(top,#cecece,#929292); \/* Chrome 11  *\/\n\tbackground: -webkit-gradient(linear, left top, left bottom, color-stop(0,#cecece), color-stop(1,#929292)); \/* Chrome 10, Safari *\/\n}\n#ptsBlock_298787 .ptsActBtn {\n\tdisplay: inline-block;\n  \tpadding: 4px 20px;\n  \tborder: 1px solid#979797;\n  \twidth: 80%;\n  \tborder-radius: 3px;\n}\n\n#ptsBlock_298787 .ptsActBtn .ptsEditArea {\n\tcolor: #444;\n  \tfont-size: 10pt; \n  \tfont-weight: bold;\n  \ttext-decoration: none !important;\n  \tborder: none !important;\n\twidth: 100%;\n}\n#ptsBlock_298787 .ptsCol:first-of-type .ptsColHeader {\n\tborder-top-left-radius: 5px;\n}\n#ptsBlock_298787 .ptsCol:last-of-type .ptsColHeader {\n\tborder-top-right-radius: 5px;\n}\n#ptsBlock_298787 .ptsCol:first-of-type .ptsColFooter {\n\tborder-bottom-left-radius: 5px;\n}\n#ptsBlock_298787 .ptsCol:last-of-type .ptsColFooter {\n\tborder-bottom-right-radius: 5px;\n}\n#ptsBlock_298787 .ptsColFooter a {\n\tcolor: #444444;\n  \ttext-decoration: none !important;\n}\n#ptsBlock_298787 .ptsTableDescCol {  \tdisplay: none;}\n#ptsBlock_298787 .ptsCol .ptsTableElementContent,\n#ptsBlock_298787 .ptsCol .ptsTableElementContent span {\n\ttransition: box-shadow 0.3s ease, margin 0.3s ease, font 0.3s ease;\n  \t-webkit-transition: box-shadow 0.3s ease, margin 0.3s ease, font 0.3s ease;\n    -moz-transition: box-shadow 0.3s ease, margin 0.3s ease, font 0.3s ease;\n    -ms-transition: box-shadow 0.3s ease, margin 0.3s ease, font 0.3s ease;\n    -o-transition: box-shadow 0.3s ease, margin 0.3s ease, font 0.3s ease;\n}\n#ptsBlock_298787 .ptsCol.hover .ptsTableElementContent {\n\tz-index: 101;\n  \tbox-shadow: 5px 0 30px rgba(0, 0, 0, 0.5);\n  \t-webkit-box-shadow: 5px 0 30px rgba(0, 0, 0, 0.5);\n\t-moz-box-shadow: 5px 0 30px rgba(0, 0, 0, 0.5);\n\tmargin-top: -20px;\n}\n#ptsBlock_298787 .ptsCol.hover .ptsColHeader {\n\tborder-top-left-radius: 5px;\n  \tborder-top-right-radius: 5px;\n}\n#ptsBlock_298787 .ptsCol.hover .ptsColFooter {\n\tborder-bottom-left-radius: 5px;\n  \tborder-bottom-right-radius: 5px;\n}\n\/*Colors set*\/\n#ptsBlock_298787 .ptsCol .ptsColHeader {\n  \tcolor:#808080;\n}\n#ptsBlock_298787 .ptsCol .ptsColDesc {\n  \tcolor:#808080;\n}\n#ptsBlock_298787 .ptsCol .ptsRows {\n  \tcolor:#000;\n}\n\n.ptsEl.ptsCol.ptsElWithArea{margin: 10px 0;}<\/style>\n\t\t\t\t<div class=\"ptsBlockContent\"><div class=\"ptsContainer\">\n\t<div class=\"ptsColsWrapper ui-sortable\">\n\t\t\t\t<div class=\"ptsEl ptsCol ptsCol-0 ptsTableDescCol ptsElWithArea\" data-el=\"table_col_desc\" data-color=\"#424242\" style=\"min-height: auto;width: 150px;display: none\">\n\t\t\t<div class=\"ptsTableElementContent ptsElArea\">\n\t\t\t\t<div class=\"ptsColHeader ptsShow\" style=\"height: 43px;display: block\">\n\t\t\t\t\t<div class=\"ptsEl\" data-el=\"table_cell_txt\" data-type=\"txt\"><p><br><\/p><\/div>\n\t\t\t\t<\/div>\n\t\t\t\t<div class=\"ptsColDesc ptsShow\" style=\"height: 96px;display: block\">\n\t\t\t\t\t<div class=\"ptsEl\" data-el=\"table_cell_txt\" data-type=\"txt\"><p><span style=\"font-size: 24pt\" data-mce-style=\"font-size: 24pt;\">choose <span style=\"color: #3bd6ff\" data-mce-style=\"color: #853a3a;\">your<\/span> plan<\/span><\/p><\/div>\n\t\t\t\t<\/div>\n\t\t\t\t<div class=\"ptsRows ui-sortable\" style=\"height: auto\">\n\t\t\t\t\t\n\t\t\t\t\t\n\t\t\t\t\t\n\t\t\t\t\t\n\t\t\t\t\t\n\t\t\t\t<div class=\"ptsCell\" style=\"height: 38.5px\">\n\t<div class=\"ptsTog\">\n\t\t<div class=\"ptsEl\" data-el=\"table_cell_txt\" data-type=\"txt\"><p><span style=\"font-size: 12pt\" data-mce-style=\"font-size: 12pt;\">Your Text<\/span><\/p><\/div>\n\t<\/div>\n<\/div><\/div>\n\t\t\t\t<div class=\"ptsCell ptsColFooter ptsHide\" style=\"height: 0px;display: none\">\n\t<div class=\"ptsTog\">\n\t\t\n\t<\/div>\n<\/div>\n\t\t\t<\/div>\n\t\t<\/div>\n\t\t\t\t<div class=\"ptsEl ptsCol ptsElWithArea ptsCol-1\" data-el=\"table_col\" data-color=\"#424242\" style=\"min-height: auto;width: 150px;position: relative;left: 0px;top: 0px\">\n\t\t\t<div class=\"ptsTableElementContent ptsElArea\">\n\t\t\t\t<div class=\"ptsColHeader ptsToggle ptsShow\" style=\"height: 43px;display: block\">\n\t\t\t\t\t<div class=\"ptsTog\">\n\t\t\t\t\t\t<div class=\"ptsEl\" data-el=\"table_cell_txt\" data-type=\"txt\"><p><span style=\"font-size: 14pt\" data-mce-style=\"font-size: 14pt;\">inspektim<\/span><\/p><\/div>\n\t\t\t\t\t<\/div>\n\t\t\t\t<\/div>\n\t\t\t\t<div class=\"ptsColDesc ptsToggle ptsShow\" style=\"height: 96px;display: block\">\n\t\t\t\t\t<div class=\"ptsTog\">\n\t\t\t\t\t\t<div class=\"ptsEl\" data-el=\"table_cell_txt\" data-type=\"txt\"><p><span style=\"color: #8390cf\" data-mce-style=\"color: #8390cf;\"><span style=\"font-size: 10pt\">ALL<\/span><span style=\"font-size: 48pt\">1000<\/span><\/span><\/p><\/div>\n\t\t\t\t\t<\/div>\n\t\t\t\t<\/div>\n\t\t\t\t<div class=\"ptsRows ptsToggle ui-sortable\" style=\"height: auto\">\n\t\t\t\t\t\n\t\t\t\t\t\n\t\t\t\t\t\n\t\t\t\t\t\n\t\t\t\t\t\n\t\t\t\t<div class=\"ptsCell\" style=\"height: 38.5px\">\n\t<div class=\"ptsTog\">\n\t\t<div class=\"ptsEl\" data-el=\"table_cell_txt\" data-type=\"txt\"><p><span style=\"font-size: 12pt\" data-mce-style=\"font-size: 12pt;\">Mates 1 Fazor<\/span><\/p><\/div>\n\t<\/div>\n<\/div><\/div>\n\t\t\t\t<div class=\"ptsColFooter ptsToggle ptsHide\" style=\"height: 0px;display: none\">\n\t\t\t\t\t<div class=\"ptsTog\">\n\t\t\t\t\t\t<div class=\"ptsActBtn ptsEl ptsElInput\" data-el=\"btn\" data-bgcolor-elements=\".ptsEditArea\" data-bgcolor-to=\"txt\">\n\t\t\t\t\t\t\t<a target=\"_blank\" href=\"#\" class=\"ptsEditArea ptsInputShell\" style=\"color: #444\">sign up!<\/a>\n\t\t\t\t\t\t<\/div>\n\t\t\t\t\t<\/div>\n\t\t\t\t<\/div>\n\t\t\t<\/div>\n\t\t<\/div>\n\t\t<div class=\"ptsEl ptsCol ptsElWithArea ptsCol-2\" data-el=\"table_col\" data-color=\"#424242\" style=\"min-height: auto;width: 150px\">\n\t\t\t<div class=\"ptsTableElementContent ptsElArea\">\n\t\t\t\t<div class=\"ptsColHeader ptsToggle ptsShow\" style=\"height: 43px;display: block\">\n\t\t\t\t\t<div class=\"ptsTog\">\n\t\t\t\t\t\t<div class=\"ptsEl\" data-el=\"table_cell_txt\" data-type=\"txt\"><p><span style=\"font-size: 14pt;text-align: center\" data-mce-style=\"font-size: 14pt; text-align: center;\">inspektim<\/span><br><\/p><\/div>\n\t\t\t\t\t<\/div>\n\t\t\t\t<\/div>\n\t\t\t\t<div class=\"ptsColDesc ptsToggle ptsShow\" style=\"height: 96px;display: block\">\n\t\t\t\t\t<div class=\"ptsTog\">\n\t\t\t\t\t\t<div class=\"ptsEl\" data-el=\"table_cell_txt\" data-type=\"txt\"><p><span style=\"color: #8390cf\" data-mce-style=\"color: #8390cf;\"><span style=\"font-size: 13.3333px;text-align: center\">ALL<\/span><span style=\"text-align: center;font-size: 48pt\">1150<\/span><\/span><\/p><\/div>\n\t\t\t\t\t<\/div>\n\t\t\t\t<\/div>\n\t\t\t\t<div class=\"ptsRows ptsToggle ui-sortable\" style=\"height: auto\">\n\t\t\t\t\t\n\t\t\t\t\t\n\t\t\t\t\t\n\t\t\t\t\t\n\t\t\t\t\t\n\t\t\t\t<div class=\"ptsCell\" style=\"height: 38.5px\">\n\t<div class=\"ptsTog\">\n\t\t<div class=\"ptsEl\" data-el=\"table_cell_txt\" data-type=\"txt\"><p><span style=\"font-size: 12pt\" data-mce-style=\"font-size: 12pt;\">Mates 3 Fazor<\/span><\/p><\/div>\n\t<\/div>\n<\/div><\/div>\n\t\t\t\t<div class=\"ptsColFooter ptsToggle ptsHide\" style=\"height: 0px;display: none\">\n\t\t\t\t\t<div class=\"ptsTog\">\n\t\t\t\t\t\t<div class=\"ptsActBtn ptsEl ptsElInput\" data-el=\"btn\" data-bgcolor-elements=\".ptsEditArea\" data-bgcolor-to=\"txt\">\n\t\t\t\t\t\t\t<a target=\"_blank\" href=\"#\" class=\"ptsEditArea ptsInputShell\" style=\"color: #444\">sign up!<\/a>\n\t\t\t\t\t\t<\/div>\n\t\t\t\t\t<\/div>\n\t\t\t\t<\/div>\n\t\t\t<\/div>\n\t\t<\/div>\n\t\t<div class=\"ptsEl ptsCol ptsElWithArea ptsCol-3\" data-el=\"table_col\" data-color=\"#f60000ff\" style=\"min-height: auto;width: 150px\">\n\t\t\t<div class=\"ptsTableElementContent ptsElArea\">\n\t\t\t\t<div class=\"ptsColHeader ptsToggle ptsShow\" style=\"height: 43px;display: block\">\n\t\t\t\t\t<div class=\"ptsTog\">\n\t\t\t\t\t\t<div class=\"ptsEl\" data-el=\"table_cell_txt\" data-type=\"txt\"><p><span style=\"font-size: 14pt;text-align: center\" data-mce-style=\"font-size: 14pt; text-align: center;\">bashkevulosje<\/span><\/p><\/div>\n\t\t\t\t\t<\/div>\n\t\t\t\t<\/div>\n\t\t\t\t<div class=\"ptsColDesc ptsToggle ptsShow\" style=\"height: 96px;display: block\">\n\t\t\t\t\t<div class=\"ptsTog\">\n\t\t\t\t\t\t<div class=\"ptsEl\" data-el=\"table_cell_txt\" data-type=\"txt\"><p><span style=\"color: #8390cf\" data-mce-style=\"color: #8390cf;\"><span style=\"text-align: center;font-size: 13.3333px\">ALL<\/span><span style=\"text-align: center;font-size: 48pt\">1250<\/span><\/span><br><\/p><\/div>\n\t\t\t\t\t<\/div>\n\t\t\t\t<\/div>\n\t\t\t\t<div class=\"ptsRows ptsToggle ui-sortable\" style=\"height: auto\">\n\t\t\t\t\t\n\t\t\t\t\t\n\t\t\t\t\t\n\t\t\t\t\t\n\t\t\t\t\t\n\t\t\t\t<div class=\"ptsCell\" style=\"height: 38.5px\">\n\t<div class=\"ptsTog\">\n\t\t<div class=\"ptsEl\" data-el=\"table_cell_txt\" data-type=\"txt\"><p><span style=\"font-size: 12pt\" data-mce-style=\"font-size: 12pt;\">Mates 1\/3 Fazor<\/span><\/p><\/div>\n\t<\/div>\n<\/div><\/div>\n\t\t\t\t<div class=\"ptsColFooter ptsToggle ptsHide\" style=\"height: 0px;display: none\">\n\t\t\t\t\t<div class=\"ptsTog\">\n\t\t\t\t\t\t<div class=\"ptsActBtn ptsEl ptsElInput\" data-el=\"btn\" data-bgcolor-elements=\".ptsEditArea\" data-bgcolor-to=\"txt\">\n\t\t\t\t\t\t\t<a target=\"_blank\" href=\"#\" class=\"ptsEditArea ptsInputShell\" style=\"color: #444\">sign up!<\/a>\n\t\t\t\t\t\t<\/div>\n\t\t\t\t\t<\/div>\n\t\t\t\t<\/div>\n\t\t\t<\/div>\n\t\t<\/div>\n\t\t<div class=\"ptsEl ptsCol ptsElWithArea ptsCol-4\" data-el=\"table_col\" data-color=\"#424242\" style=\"min-height: auto;width: 150px\">\n\t\t\t<div class=\"ptsTableElementContent ptsElArea\">\n\t\t\t\t<div class=\"ptsColHeader ptsToggle ptsShow\" style=\"height: 43px;display: block\">\n\t\t\t\t\t<div class=\"ptsTog\">\n\t\t\t\t\t\t<div class=\"ptsEl\" data-el=\"table_cell_txt\" data-type=\"txt\"><p><span style=\"font-size: 14pt\" data-mce-style=\"font-size: 14pt;\">verifikim<\/span><\/p><\/div>\n\t\t\t\t\t<\/div>\n\t\t\t\t<\/div>\n\t\t\t\t<div class=\"ptsColDesc ptsToggle ptsShow\" style=\"height: 96px;display: block\">\n\t\t\t\t\t<div class=\"ptsTog\">\n\t\t\t\t\t\t<div class=\"ptsEl\" data-el=\"table_cell_txt\" data-type=\"txt\"><p><span style=\"color: #8390cf\" data-mce-style=\"color: #8390cf;\"><span style=\"text-align: center;font-size: 13.3333px\">ALL<\/span><span style=\"text-align: center;font-size: 48pt\">1000<\/span><\/span><br><\/p><\/div>\n\t\t\t\t\t<\/div>\n\t\t\t\t<\/div>\n\t\t\t\t<div class=\"ptsRows ptsToggle ui-sortable\" style=\"height: auto\">\n\t\t\t\t\t\n\t\t\t\t\t\n\t\t\t\t\t\n\t\t\t\t\t\n\t\t\t\t\t\n\t\t\t\t<div class=\"ptsCell\" style=\"height: 38.5px\">\n\t<div class=\"ptsTog\">\n\t\t<div class=\"ptsEl\" data-el=\"table_cell_txt\" data-type=\"txt\"><p><span style=\"font-size: 12pt\" data-mce-style=\"font-size: 12pt;\">Mates 1 Fazor<\/span><\/p><\/div>\n\t<\/div>\n<\/div><\/div>\n\t\t\t\t<div class=\"ptsColFooter ptsToggle ptsHide\" style=\"height: 0px;display: none\">\n\t\t\t\t\t<div class=\"ptsCell\" style=\"height: 0px\">\n\t\t\t\t\t\t<div class=\"ptsActBtn ptsEl ptsElInput\" data-el=\"btn\" data-bgcolor-elements=\".ptsEditArea\" data-bgcolor-to=\"txt\">\n\t\t\t\t\t\t\t<a target=\"_blank\" href=\"#\" class=\"ptsEditArea ptsInputShell\" style=\"color: #444\">sign up!<\/a>\n\t\t\t\t\t\t<\/div>\n\t\t\t\t\t<\/div>\n\t\t\t\t<\/div>\n\t\t\t<\/div>\n\t\t<\/div>\n\t<div class=\"ptsEl ptsCol ptsElWithArea ptsCol-5\" data-el=\"table_col\" data-color=\"#424242\" style=\"min-height: auto;width: 150px\">\n\t\t\t<div class=\"ptsTableElementContent ptsElArea\">\n\t\t\t\t<div class=\"ptsColHeader ptsToggle ptsShow\" style=\"height: 43px;display: block\">\n\t\t\t\t\t<div class=\"ptsTog\">\n\t\t\t\t\t\t<div class=\"ptsEl\" data-el=\"table_cell_txt\" data-type=\"txt\"><p><span style=\"font-size: 14pt\" data-mce-style=\"font-size: 14pt;\">verifikim<\/span><\/p><\/div>\n\t\t\t\t\t<\/div>\n\t\t\t\t<\/div>\n\t\t\t\t<div class=\"ptsColDesc ptsToggle ptsShow\" style=\"height: 96px;display: block\">\n\t\t\t\t\t<div class=\"ptsTog\">\n\t\t\t\t\t\t<div class=\"ptsEl\" data-el=\"table_cell_txt\" data-type=\"txt\"><p><span style=\"color: #8390cf\"><span style=\"text-align: center;font-size: 13.3333px\">ALL<\/span><span style=\"text-align: center;font-size: 48pt\">1150<\/span><\/span><br><\/p><\/div>\n\t\t\t\t\t<\/div>\n\t\t\t\t<\/div>\n\t\t\t\t<div class=\"ptsRows ptsToggle ui-sortable\" style=\"height: auto\">\n\t\t\t\t\t\n\t\t\t\t\t\n\t\t\t\t\t\n\t\t\t\t\t\n\t\t\t\t\t\n\t\t\t\t<div class=\"ptsCell\" style=\"height: 38.5px\">\n\t<div class=\"ptsTog\">\n\t\t<div class=\"ptsEl\" data-el=\"table_cell_txt\" data-type=\"txt\"><p><span style=\"font-size: 12pt\" data-mce-style=\"font-size: 12pt;\">Mates 3 Fazor<\/span><\/p><\/div>\n\t<\/div>\n<\/div><\/div>\n\t\t\t\t<div class=\"ptsColFooter ptsToggle ptsHide\" style=\"height: 0px;display: none\">\n\t\t\t\t\t<div class=\"ptsCell\" style=\"height: 0px\">\n\t\t\t\t\t\t<div class=\"ptsActBtn ptsEl ptsElInput\" data-el=\"btn\" data-bgcolor-elements=\".ptsEditArea\" data-bgcolor-to=\"txt\">\n\t\t\t\t\t\t\t<a target=\"_blank\" href=\"#\" class=\"ptsEditArea ptsInputShell\" style=\"color: #444\">sign up!<\/a>\n\t\t\t\t\t\t<\/div>\n\t\t\t\t\t<\/div>\n\t\t\t\t<\/div>\n\t\t\t<\/div>\n\t\t<\/div><div class=\"ptsEl ptsCol ptsElWithArea ptsCol-6\" data-el=\"table_col\" data-color=\"#424242\" style=\"min-height: auto;width: 150px\">\n\t\t\t<div class=\"ptsTableElementContent ptsElArea\">\n\t\t\t\t<div class=\"ptsColHeader ptsToggle ptsShow\" style=\"height: 43px;display: block\">\n\t\t\t\t\t<div class=\"ptsTog\">\n\t\t\t\t\t\t<div class=\"ptsEl\" data-el=\"table_cell_txt\" data-type=\"txt\"><p><span style=\"font-size: 14pt\" data-mce-style=\"font-size: 14pt;\">vulosje<\/span><\/p><\/div>\n\t\t\t\t\t<\/div>\n\t\t\t\t<\/div>\n\t\t\t\t<div class=\"ptsColDesc ptsToggle ptsShow\" style=\"height: 96px;display: block\">\n\t\t\t\t\t<div class=\"ptsTog\">\n\t\t\t\t\t\t<div class=\"ptsEl\" data-el=\"table_cell_txt\" data-type=\"txt\"><p><span style=\"color: #8390cf\" data-mce-style=\"color: #8390cf;\"><span style=\"text-align: center;font-size: 13.3333px\">ALL<\/span><span style=\"text-align: center;font-size: 48pt\">194<\/span><\/span><br><\/p><\/div>\n\t\t\t\t\t<\/div>\n\t\t\t\t<\/div>\n\t\t\t\t<div class=\"ptsRows ptsToggle ui-sortable\" style=\"height: auto\">\n\t\t\t\t\t\n\t\t\t\t\t\n\t\t\t\t\t\n\t\t\t\t\t\n\t\t\t\t\t\n\t\t\t\t<div class=\"ptsCell\" style=\"height: 38.5px\">\n\t<div class=\"ptsTog\">\n\t\t<div class=\"ptsEl\" data-el=\"table_cell_txt\" data-type=\"txt\"><p><span style=\"font-size: 12pt\" data-mce-style=\"font-size: 12pt;\">Etikete Sigurie<\/span><\/p><\/div>\n\t<\/div>\n<\/div><\/div>\n\t\t\t\t<div class=\"ptsColFooter ptsToggle ptsHide\" style=\"height: 0px;display: none\">\n\t\t\t\t\t<div class=\"ptsCell\" style=\"height: 0px\">\n\t\t\t\t\t\t<div class=\"ptsActBtn ptsEl ptsElInput\" data-el=\"btn\" data-bgcolor-elements=\".ptsEditArea\" data-bgcolor-to=\"txt\">\n\t\t\t\t\t\t\t<a target=\"_blank\" href=\"#\" class=\"ptsEditArea ptsInputShell\" style=\"color: #444\">sign up!<\/a>\n\t\t\t\t\t\t<\/div>\n\t\t\t\t\t<\/div>\n\t\t\t\t<\/div>\n\t\t\t<\/div>\n\t\t<\/div><div class=\"ptsEl ptsCol ptsElWithArea ptsCol-7\" data-el=\"table_col\" data-color=\"#ffffffff\" style=\"min-height: auto;width: 150px\">\n\t\t\t<div class=\"ptsTableElementContent ptsElArea\">\n\t\t\t\t<div class=\"ptsColHeader ptsToggle ptsShow\" style=\"height: 43px;display: block\">\n\t\t\t\t\t<div class=\"ptsTog\">\n\t\t\t\t\t\t<div class=\"ptsEl\" data-el=\"table_cell_txt\" data-type=\"txt\"><p><span style=\"font-size: 14pt\" data-mce-style=\"font-size: 14pt;\">vulosje<\/span><\/p><\/div>\n\t\t\t\t\t<\/div>\n\t\t\t\t<\/div>\n\t\t\t\t<div class=\"ptsColDesc ptsToggle ptsShow\" style=\"height: 96px;display: block\">\n\t\t\t\t\t<div class=\"ptsTog\">\n\t\t\t\t\t\t<div class=\"ptsEl\" data-el=\"table_cell_txt\" data-type=\"txt\"><p><span style=\"color: #8390cf\" data-mce-style=\"color: #8390cf;\"><span style=\"text-align: center;font-size: 13.3333px\">ALL<\/span><span style=\"text-align: center;font-size: 48pt\">194<\/span><\/span><br><\/p><\/div>\n\t\t\t\t\t<\/div>\n\t\t\t\t<\/div>\n\t\t\t\t<div class=\"ptsRows ptsToggle ui-sortable\" style=\"height: auto\">\n\t\t\t\t\t\n\t\t\t\t\t\n\t\t\t\t\t\n\t\t\t\t\t\n\t\t\t\t\t\n\t\t\t\t<div class=\"ptsCell\" style=\"height: 38.5px\">\n\t<div class=\"ptsTog\">\n\t\t<div class=\"ptsEl\" data-el=\"table_cell_txt\" data-type=\"txt\"><p><span style=\"font-size: 12pt\" data-mce-style=\"font-size: 12pt;\">Vule Sigurie<\/span><\/p><\/div>\n\t<\/div>\n<\/div><\/div>\n\t\t\t\t<div class=\"ptsColFooter ptsToggle ptsHide\" style=\"height: 0px;display: none\">\n\t\t\t\t\t<div class=\"ptsCell\" style=\"height: 0px\">\n\t\t\t\t\t\t\n\t\t\t\t\t<\/div><div class=\"ptsCell\" style=\"height: 0px\">\n\t<div class=\"ptsTog\">\n\t\t\n\t<\/div>\n<\/div>\n\t\t\t\t<\/div>\n\t\t\t<\/div>\n\t\t<\/div><\/div>\n\t<div style=\"clear: both\"><\/div>\n<\/div><\/div>\n\t\t<a title=\"WordPress Pricing Table Plugin\" style=\"display:none;\" href=\"https:\/\/supsystic.com\/plugins\/pricing-tables\/?utm_medium=love_link_hide\" target=\"_blank\">WordPress Pricing Table Plugin<\/a><div style=\"clear: both;\"><\/div><\/div>\n<\/div>\r\n<\/p>","protected":false},"excerpt":{"rendered":"<p>Na vjen keq, kjo faqe \u00ebsht\u00eb e disponueshme vet\u00ebm n\u00eb % LANG :,: dhe%. For the sake of viewer convenience, the content is shown below in the alternative language. You may click the link to switch the active language.<\/p>\n","protected":false},"author":2,"featured_media":0,"parent":79,"menu_order":1,"comment_status":"closed","ping_status":"closed","template":"","meta":{"footnotes":""},"class_list":["post-379","page","type-page","status-publish","hentry"],"_links":{"self":[{"href":"https:\/\/www.vme.al\/AL\/wp-json\/wp\/v2\/pages\/379","targetHints":{"allow":["GET"]}}],"collection":[{"href":"https:\/\/www.vme.al\/AL\/wp-json\/wp\/v2\/pages"}],"about":[{"href":"https:\/\/www.vme.al\/AL\/wp-json\/wp\/v2\/types\/page"}],"author":[{"embeddable":true,"href":"https:\/\/www.vme.al\/AL\/wp-json\/wp\/v2\/users\/2"}],"replies":[{"embeddable":true,"href":"https:\/\/www.vme.al\/AL\/wp-json\/wp\/v2\/comments?post=379"}],"version-history":[{"count":6,"href":"https:\/\/www.vme.al\/AL\/wp-json\/wp\/v2\/pages\/379\/revisions"}],"predecessor-version":[{"id":414,"href":"https:\/\/www.vme.al\/AL\/wp-json\/wp\/v2\/pages\/379\/revisions\/414"}],"up":[{"embeddable":true,"href":"https:\/\/www.vme.al\/AL\/wp-json\/wp\/v2\/pages\/79"}],"wp:attachment":[{"href":"https:\/\/www.vme.al\/AL\/wp-json\/wp\/v2\/media?parent=379"}],"curies":[{"name":"wp","href":"https:\/\/api.w.org\/{rel}","templated":true}]}}