{"id":162,"date":"2018-06-04T10:43:27","date_gmt":"2018-06-04T08:43:27","guid":{"rendered":"http:\/\/localhost:9080\/wordpress\/?page_id=162"},"modified":"2021-10-26T08:53:06","modified_gmt":"2021-10-26T06:53:06","slug":"laboratori","status":"publish","type":"page","link":"https:\/\/www.vme.al\/AL\/laboratori\/","title":{"rendered":"Laboratori"},"content":{"rendered":"<p><\/p>\n<h1><span style=\"font-family: helvetica, arial, sans-serif;\"><strong>TRAJNIMET<\/strong><\/span><\/h1>\n<p style=\"text-align: justify;\"><span style=\"font-size: 16px;\"><strong><span style=\"font-family: helvetica, arial, sans-serif;\">TCPE<br \/>\n<\/span><\/strong><span style=\"font-family: helvetica, arial, sans-serif;\">Operator\u00ebt e VME jan\u00eb trajnuar nga organizmi i certifikimit t\u00eb personelit <strong>\u201cTCPE\u201d<\/strong> p\u00ebr sigurin\u00eb n\u00eb pun\u00eb dhe p\u00ebrdorimin e pajisjeve elektike, n\u00eb zbatim t\u00eb ligjit Nr. 8734, dt 01.02.2001 \u201cP\u00ebr garantimin e siguris\u00eb s\u00eb pun\u00ebs t\u00eb pajisjeve elektrike\u201d. Ky trajnim u zhvillua n\u00eb ambientet e zyrave Tiran\u00eb m\u00eb dat\u00eb 23.12.2019. Kompania VME ka kryer gjithashtu nje trajnim te brendshem me permbajtje te ngjashme me 22.12.2020.<\/span><\/span><\/p>\n<p style=\"text-align: justify;\"><span style=\"font-size: 16px;\"><span style=\"font-family: helvetica, arial, sans-serif;\"><strong>ISO 17025<\/strong><br \/>\n<\/span><span style=\"font-family: helvetica, arial, sans-serif;\">Punonj\u00ebsit e laboratorit t\u00eb VME jan\u00eb trajnuar p\u00ebr k\u00ebrkesat e standardit S SH E ISO\/IEC 17025:2017 p\u00ebr Laborator\u00ebt e Testimit, procedurat manaxheriale dhe procedurat teknike.<\/span><\/span><\/p>\n<p style=\"text-align: justify;\"><span style=\"font-size: 16px;\"><span style=\"font-family: helvetica, arial, sans-serif;\"><strong>ISO 17025:2017 dhe ISO 17020:2012<\/strong><br \/>\n<\/span><span style=\"font-family: helvetica, arial, sans-serif;\">Kompania ka kryer trajnimin e personelit menaxherial p\u00ebr Standardet ISO\/IEC 17025 dhe ISO\/IEC 17020 pran\u00eb Hellenic Institute of Metrology (EIM) n\u00eb Greqi.<\/span><\/span><\/p>\n<p style=\"text-align: justify;\"><span style=\"font-size: 16px;\"><span style=\"font-family: helvetica, arial, sans-serif;\"><strong>Mir\u00ebmbajtja dhe P\u00ebrdorimi i Stendave<\/strong><br \/>\n<\/span><span style=\"font-family: helvetica, arial, sans-serif;\">Operator\u00ebt e laboratorit t\u00eb VME jan\u00eb trajnuar mbi Mir\u00ebmbajtjen dhe P\u00ebrdorimin e Stendave sipas IEC 62053-11, IEC 62053-21, IEC 62053-23, MID-III.<\/span><\/span><\/p>\n<p>&nbsp;<\/p>\n<p><span style=\"font-family: helvetica, arial, sans-serif; font-size: 16px;\"><strong>Trajnime Menaxheriale<br \/>\n<\/strong>Kompania VME-Verifikimi i Mat\u00ebsave Elektrik sh.p.k ndjek gjithashtu me prioritet Trajnimet q\u00eb zhvillohen p\u00ebr implementimin dhe zbatimin e Standardit ISO 17025 dhe ISO 17020.<\/span><\/p>\n<ul>\n<li><span style=\"font-family: helvetica, arial, sans-serif; font-size: 16px;\"><strong><em>Trajnime Menaxheriale t\u00eb brendshme<br \/>\n<\/em><\/strong><\/span><span style=\"font-family: helvetica, arial, sans-serif; font-size: 16px;\">Njohjen, implementimin dhe zbatimin e standardit ISO\/IEC 17025:2017 dhe ISO\/IEC 17020:2012,<br \/>\n<\/span><span style=\"font-family: helvetica, arial, sans-serif; font-size: 16px;\"><span style=\"font-family: helvetica, arial, sans-serif; font-size: 16px;\">Procedurat e hartuara nga kompania, etj.<\/span><\/span><\/li>\n<\/ul>\n<p>&nbsp;<\/p>\n<ul>\n<li><span style=\"font-family: helvetica, arial, sans-serif; font-size: 16px;\"><strong><em>Trajnime Menaxheriale t\u00eb jashtme<br \/>\n<\/em><\/strong>Trajnime jasht\u00eb Shqip\u00ebris\u00eb, p\u00ebrkat\u00ebsisht nga:<\/span><\/li>\n<li><span style=\"font-family: helvetica, arial, sans-serif; font-size: 16px;\">\u0395\u0399\u039c &#8211; Hellenic Institute of Metrology n\u00eb Greqi,<\/span><br \/>\n<span style=\"font-family: helvetica, arial, sans-serif; font-size: 16px;\">ISO 17025:2017 p\u00ebr aktivitetin e Kalibrimit dhe Testimit.<\/span><br \/>\n<span style=\"font-family: helvetica, arial, sans-serif; font-size: 16px;\">ISO 17020:2012 p\u00ebr aktivitetin e Inspektimit.<\/span><br \/>\n<span style=\"font-family: helvetica, arial, sans-serif; font-size: 16px;\"><span style=\"font-family: helvetica, arial, sans-serif; font-size: 16px;\">Disa \u00e7\u00ebshtje specifike Metrologjike.<\/span><\/span><\/li>\n<\/ul>\n<p>&nbsp;<\/p>\n<ul>\n<li><span style=\"font-family: helvetica, arial, sans-serif; font-size: 16px;\">ECLE &#8211; European Centre for Laboratory Excellence n\u00eb Bruksel<\/span><br \/>\n<span style=\"font-family: helvetica, arial, sans-serif; font-size: 16px;\"><span style=\"font-family: helvetica, arial, sans-serif; font-size: 16px;\">International Master Class p\u00ebr Implementimin e Standardit ISO\/IEC 17025:2017 \u201cNga Teoria n\u00eb Praktik\u00eb\u201d Bruksel, Belgjik\u00eb.<\/span><\/span><\/li>\n<\/ul>\n<p>&nbsp;<\/p>\n<ul>\n<li><span style=\"font-family: helvetica, arial, sans-serif; font-size: 16px;\">ILAC Webinar &#8211; Sigurimi i cil\u00ebsis\u00eb s\u00eb t\u00eb dh\u00ebnave n\u00eb CIPM MRA, dat\u00eb 21\/01\/2021<\/span><br \/>\n<span style=\"font-family: helvetica, arial, sans-serif; font-size: 16px;\">P\u00ebrdorimi i t\u00eb dh\u00ebnave n\u00eb m\u00ebnyr\u00eb efektive &#8211; KCDB, ILAC Webinar<\/span><\/li>\n<\/ul>\n<p>&nbsp;<\/p>\n<h1><span style=\"font-family: helvetica, arial, sans-serif;\"><strong>STANDARDET<\/strong><\/span><\/h1>\n<p style=\"font-family: helvetica, arial, sans-serif; font-size: 16px;\"><span style=\"font-family: helvetica, arial, sans-serif;\">S SH EN ISO\/IEC 17020:2012<br \/>\nS SH EN ISO\/IEC 17025:2017<br \/>\nS SH EN ISO\/IEC 17000:2005<br \/>\nS SH EN ISO\/IEC 17011:2017<br \/>\nS SH EN 62052-11:2020<br \/>\nS SH EN 62053-11:2003\/A1:2017\/AC:2018<br \/>\nS SH EN 62053-21:2020<br \/>\nS SH EN 62053-22:2020<br \/>\nS SH EN 62053-23:2020<br \/>\nS SH EN 50470-1:2006\/A1:2018<br \/>\nS SH EN 50470-2:2006\/A1:2018<br \/>\nS SH EN 50470-3:2006\/A1:2018<br \/>\nILAC-G24<br \/>\nIEC TR 60736:1982<br \/>\nRekomandimin OIML Nr. 46-1\/2:2012<br \/>\nS SH EN 60445:2017<br \/>\nDirektiva Europiane 2014\/32\/EU<br \/>\nDirektiva Europiane 2019\/944\/EU<br \/>\nDirektiva Europiane 2012\/27\/EU<br \/>\nISO 2859-1:2008<br \/>\nIEC\/EN 61010-1:2010<br \/>\nIEC\/EN 61010-2-010:2014<br \/>\nS SH EN 61326<br \/>\nS SH EN 60044-8:2002<br \/>\nIEC 61869-1:2009<br \/>\nIEC 61869-2:2012<br \/>\nIEC\/EN 60512-3-1:2002<br \/>\nS SH EN 61557:2007<\/span><\/p>\n<p><\/p>","protected":false},"excerpt":{"rendered":"<p>TRAJNIMET TCPE Operator\u00ebt e VME jan\u00eb trajnuar nga organizmi i certifikimit t\u00eb personelit \u201cTCPE\u201d p\u00ebr sigurin\u00eb n\u00eb pun\u00eb dhe p\u00ebrdorimin e pajisjeve elektike, n\u00eb zbatim t\u00eb ligjit Nr. 8734, dt 01.02.2001 \u201cP\u00ebr garantimin e siguris\u00eb s\u00eb pun\u00ebs t\u00eb pajisjeve elektrike\u201d. Ky trajnim u zhvillua n\u00eb ambientet e zyrave Tiran\u00eb m\u00eb&#8230;<\/p>\n","protected":false},"author":2,"featured_media":0,"parent":0,"menu_order":0,"comment_status":"closed","ping_status":"closed","template":"","meta":{"footnotes":""},"class_list":["post-162","page","type-page","status-publish","hentry"],"_links":{"self":[{"href":"https:\/\/www.vme.al\/AL\/wp-json\/wp\/v2\/pages\/162","targetHints":{"allow":["GET"]}}],"collection":[{"href":"https:\/\/www.vme.al\/AL\/wp-json\/wp\/v2\/pages"}],"about":[{"href":"https:\/\/www.vme.al\/AL\/wp-json\/wp\/v2\/types\/page"}],"author":[{"embeddable":true,"href":"https:\/\/www.vme.al\/AL\/wp-json\/wp\/v2\/users\/2"}],"replies":[{"embeddable":true,"href":"https:\/\/www.vme.al\/AL\/wp-json\/wp\/v2\/comments?post=162"}],"version-history":[{"count":29,"href":"https:\/\/www.vme.al\/AL\/wp-json\/wp\/v2\/pages\/162\/revisions"}],"predecessor-version":[{"id":569,"href":"https:\/\/www.vme.al\/AL\/wp-json\/wp\/v2\/pages\/162\/revisions\/569"}],"wp:attachment":[{"href":"https:\/\/www.vme.al\/AL\/wp-json\/wp\/v2\/media?parent=162"}],"curies":[{"name":"wp","href":"https:\/\/api.w.org\/{rel}","templated":true}]}}