{"id":16,"date":"2018-05-16T11:23:01","date_gmt":"2018-05-16T11:23:01","guid":{"rendered":"http:\/\/localhost:9080\/wordpress\/?page_id=16"},"modified":"2022-09-28T13:23:49","modified_gmt":"2022-09-28T11:23:49","slug":"home","status":"publish","type":"page","link":"https:\/\/www.vme.al\/AL\/","title":{"rendered":"Kreu"},"content":{"rendered":"<p><\/p>\n<h1><span style=\"font-family: helvetica, arial, sans-serif;\">PSE VME?<\/span><\/h1>\n<p style=\"text-align: justify;\"><span style=\"font-size: 16px;\"><span style=\"font-family: helvetica, arial, sans-serif;\">Sh\u00ebrbime tep\u00ebr t\u00eb sigurta, paanshmeria dhe konfidencialiteti jan\u00eb gur\u00ebt e themelit t\u00eb cilat na ngjit\u00ebn shum\u00eb shpejt n\u00eb kompanit\u00eb kryesore q\u00eb ofrojn\u00eb testime dhe inspektimeve n\u00eb tregun Shqiptar.<br \/>\n<\/span><span style=\"font-family: helvetica, arial, sans-serif;\">Suksesi yn\u00eb bazohet n\u00eb vler\u00ebn ton\u00eb kryesore, njer\u00ebzit.<br \/>\n<\/span><span style=\"font-family: helvetica, arial, sans-serif;\">Me nj\u00eb edukim t\u00eb diversifikuar dhe eksperienc\u00eb t\u00eb madhe n\u00eb fushat p\u00ebrkat\u00ebse, stafi yn\u00eb siguron nj\u00eb eksperienc\u00eb t\u00eb shk\u00eblqyer bashkepunimini me klientin.<\/span><\/span><\/p>\n<p style=\"text-align: justify;\"><span style=\"font-family: helvetica, arial, sans-serif; font-size: 16px;\"><strong>Testimi<br \/>\n<\/strong>Testet e mat\u00ebsve elektrik\u00eb p\u00ebrb\u00ebhen nga disa teste q\u00eb i referohen standardeve p\u00ebrkat\u00ebse p\u00ebr t\u00eb p\u00ebrcaktuar nese matesi eshte konform kundrejt standardeve ose jo.<\/span><\/p>\n<p style=\"text-align: justify;\"><span style=\"font-size: 16px;\"><span style=\"font-family: helvetica, arial, sans-serif;\"><strong>Inspektimi<br \/>\n<\/strong><\/span><span style=\"font-family: helvetica, arial, sans-serif;\">Inspektimi realizohet n\u00eb vendndodhjen e mat\u00ebsit elektrik, kudo ku klienti ka nevoj\u00eb.<\/span><\/span><\/p>\n<p><span style=\"font-family: helvetica, arial, sans-serif; font-size: 16px;\">Mesoni me shume rreth sherbimeve qe ofron VME duke <a href=\"https:\/\/www.vme.al\/AL\/services\/\">klikuar ketu<\/a><\/span><\/p>\n<p>&nbsp;<\/p>\n<h1><span style=\"font-family: helvetica, arial, sans-serif;\">AKREDITIMI<\/span><\/h1>\n<p style=\"text-align: justify;\"><span style=\"font-size: 16px;\"><strong><span style=\"font-family: helvetica, arial, sans-serif;\">Certifikat\u00eb Testimi 17025<br \/>\n<\/span><\/strong><span style=\"font-family: helvetica, arial, sans-serif;\">VME sh.p.k m\u00eb dat\u00eb 09.01.2018 \u00ebsht\u00eb akredituar nga Drejtoria e P\u00ebrgjithshme e Akreditimit p\u00ebr kryerjen e testimeve n\u00eb stenda n\u00eb p\u00ebrputhje me standardin\u00a0 S SH EN ISO\/IEC 17025:2017. VME \u00ebsht\u00eb riakredituar m\u00eb 16.09.2021, Certifikata mban numrin LT 074 dhe \u00ebsht\u00eb e vlefshme deri m\u00eb 15.09.2025<\/span><\/span><\/p>\n<p><span style=\"font-family: helvetica, arial, sans-serif; font-size: 16px;\"><div id=\"envira-gallery-wrap-435\" class=\"envira-gallery-wrap envira-gallery-theme-base envira-lightbox-theme-base\" itemscope itemtype=\"https:\/\/schema.org\/ImageGallery\"><div data-row-height=\"150\" data-gallery-theme=\"normal\" id=\"envira-gallery-435\" class=\"envira-gallery-public envira-gallery-justified-public envira-gallery-0-columns envira-clear enviratope envira-gallery-css-animations\" data-envira-columns=\"0\"><div id=\"envira-gallery-item-696\" class=\"envira-gallery-item enviratope-item envira-gallery-item-1 envira-lazy-load\" style=\"padding-left: 5px; padding-bottom: 10px; padding-right: 5px;\"  itemscope itemtype=\"https:\/\/schema.org\/ImageObject\"><div class=\"envira-gallery-item-inner\"><div class=\"envira-gallery-position-overlay  envira-gallery-top-left\"><\/div><div class=\"envira-gallery-position-overlay  envira-gallery-top-right\"><\/div><div class=\"envira-gallery-position-overlay  envira-gallery-bottom-left\"><\/div><div class=\"envira-gallery-position-overlay  envira-gallery-bottom-right\"><\/div><a href=\"https:\/\/www.vme.al\/wp-content\/uploads\/2019\/05\/vme1.png\" class=\"envira-gallery-435 envira-gallery-link\" rel=\"enviragallery435\" title=\"vme1\" data-envira-caption=\"vme1\" data-envira-retina=\"\" data-thumbnail=\"\"  itemprop=\"contentUrl\"><img decoding=\"async\" id=\"envira-gallery-image-696\" class=\"envira-gallery-image envira-gallery-image-1 envira-normal envira-lazy\" data-envira-index=\"1\" src=\"https:\/\/www.vme.al\/wp-content\/uploads\/2019\/05\/vme1-213x300.png\" data-envira-src=\"https:\/\/www.vme.al\/wp-content\/uploads\/2019\/05\/vme1-213x300.png\" data-envira-gallery-id=\"435\" data-envira-item-id=\"696\" data-envira-caption=\"vme1\" alt=\"\" title=\"vme1\"  itemprop=\"thumbnailUrl\" data-envira-srcset=\"https:\/\/www.vme.al\/wp-content\/uploads\/2019\/05\/vme1-213x300.png 400w,https:\/\/www.vme.al\/wp-content\/uploads\/2019\/05\/vme1-213x300.png 2x\" data-envira-width=\"213\" data-envira-height=\"300\" srcset=\"data:image\/gif;base64,R0lGODlhAQABAIAAAP\/\/\/\/\/\/\/yH5BAEKAAEALAAAAAABAAEAAAICTAEAOw==\" data-safe-src=\"data:image\/gif;base64,R0lGODlhAQABAIAAAP\/\/\/\/\/\/\/yH5BAEKAAEALAAAAAABAAEAAAICTAEAOw==\" \/><\/a><\/div><\/div><div id=\"envira-gallery-item-697\" class=\"envira-gallery-item enviratope-item envira-gallery-item-2 envira-lazy-load\" style=\"padding-left: 5px; padding-bottom: 10px; padding-right: 5px;\"  itemscope itemtype=\"https:\/\/schema.org\/ImageObject\"><div class=\"envira-gallery-item-inner\"><div class=\"envira-gallery-position-overlay  envira-gallery-top-left\"><\/div><div class=\"envira-gallery-position-overlay  envira-gallery-top-right\"><\/div><div class=\"envira-gallery-position-overlay  envira-gallery-bottom-left\"><\/div><div class=\"envira-gallery-position-overlay  envira-gallery-bottom-right\"><\/div><a href=\"https:\/\/www.vme.al\/wp-content\/uploads\/2019\/05\/vme2.png\" class=\"envira-gallery-435 envira-gallery-link\" rel=\"enviragallery435\" title=\"vme2\" data-envira-caption=\"vme2\" data-envira-retina=\"\" data-thumbnail=\"\"  itemprop=\"contentUrl\"><img decoding=\"async\" id=\"envira-gallery-image-697\" class=\"envira-gallery-image envira-gallery-image-2 envira-normal envira-lazy\" data-envira-index=\"2\" src=\"https:\/\/www.vme.al\/wp-content\/uploads\/2019\/05\/vme2-213x300.png\" data-envira-src=\"https:\/\/www.vme.al\/wp-content\/uploads\/2019\/05\/vme2-213x300.png\" data-envira-gallery-id=\"435\" data-envira-item-id=\"697\" data-envira-caption=\"vme2\" alt=\"\" title=\"vme2\"  itemprop=\"thumbnailUrl\" data-envira-srcset=\"https:\/\/www.vme.al\/wp-content\/uploads\/2019\/05\/vme2-213x300.png 400w,https:\/\/www.vme.al\/wp-content\/uploads\/2019\/05\/vme2-213x300.png 2x\" data-envira-width=\"213\" data-envira-height=\"300\" srcset=\"data:image\/gif;base64,R0lGODlhAQABAIAAAP\/\/\/\/\/\/\/yH5BAEKAAEALAAAAAABAAEAAAICTAEAOw==\" data-safe-src=\"data:image\/gif;base64,R0lGODlhAQABAIAAAP\/\/\/\/\/\/\/yH5BAEKAAEALAAAAAABAAEAAAICTAEAOw==\" \/><\/a><\/div><\/div><div id=\"envira-gallery-item-698\" class=\"envira-gallery-item enviratope-item envira-gallery-item-3 envira-lazy-load\" style=\"padding-left: 5px; padding-bottom: 10px; padding-right: 5px;\"  itemscope itemtype=\"https:\/\/schema.org\/ImageObject\"><div class=\"envira-gallery-item-inner\"><div class=\"envira-gallery-position-overlay  envira-gallery-top-left\"><\/div><div class=\"envira-gallery-position-overlay  envira-gallery-top-right\"><\/div><div class=\"envira-gallery-position-overlay  envira-gallery-bottom-left\"><\/div><div class=\"envira-gallery-position-overlay  envira-gallery-bottom-right\"><\/div><a href=\"https:\/\/www.vme.al\/wp-content\/uploads\/2019\/05\/vme3.png\" class=\"envira-gallery-435 envira-gallery-link\" rel=\"enviragallery435\" title=\"vme3\" data-envira-caption=\"vme3\" data-envira-retina=\"\" data-thumbnail=\"\"  itemprop=\"contentUrl\"><img decoding=\"async\" id=\"envira-gallery-image-698\" class=\"envira-gallery-image envira-gallery-image-3 envira-normal envira-lazy\" data-envira-index=\"3\" src=\"https:\/\/www.vme.al\/wp-content\/uploads\/2019\/05\/vme3-213x300.png\" data-envira-src=\"https:\/\/www.vme.al\/wp-content\/uploads\/2019\/05\/vme3-213x300.png\" data-envira-gallery-id=\"435\" data-envira-item-id=\"698\" data-envira-caption=\"vme3\" alt=\"\" title=\"vme3\"  itemprop=\"thumbnailUrl\" data-envira-srcset=\"https:\/\/www.vme.al\/wp-content\/uploads\/2019\/05\/vme3-213x300.png 400w,https:\/\/www.vme.al\/wp-content\/uploads\/2019\/05\/vme3-213x300.png 2x\" data-envira-width=\"213\" data-envira-height=\"300\" srcset=\"data:image\/gif;base64,R0lGODlhAQABAIAAAP\/\/\/\/\/\/\/yH5BAEKAAEALAAAAAABAAEAAAICTAEAOw==\" data-safe-src=\"data:image\/gif;base64,R0lGODlhAQABAIAAAP\/\/\/\/\/\/\/yH5BAEKAAEALAAAAAABAAEAAAICTAEAOw==\" \/><\/a><\/div><\/div><div id=\"envira-gallery-item-699\" class=\"envira-gallery-item enviratope-item envira-gallery-item-4 envira-lazy-load\" style=\"padding-left: 5px; padding-bottom: 10px; padding-right: 5px;\"  itemscope itemtype=\"https:\/\/schema.org\/ImageObject\"><div class=\"envira-gallery-item-inner\"><div class=\"envira-gallery-position-overlay  envira-gallery-top-left\"><\/div><div class=\"envira-gallery-position-overlay  envira-gallery-top-right\"><\/div><div class=\"envira-gallery-position-overlay  envira-gallery-bottom-left\"><\/div><div class=\"envira-gallery-position-overlay  envira-gallery-bottom-right\"><\/div><a href=\"https:\/\/www.vme.al\/wp-content\/uploads\/2019\/05\/vme4.png\" class=\"envira-gallery-435 envira-gallery-link\" rel=\"enviragallery435\" title=\"vme4\" data-envira-caption=\"vme4\" data-envira-retina=\"\" data-thumbnail=\"\"  itemprop=\"contentUrl\"><img decoding=\"async\" id=\"envira-gallery-image-699\" class=\"envira-gallery-image envira-gallery-image-4 envira-normal envira-lazy\" data-envira-index=\"4\" src=\"https:\/\/www.vme.al\/wp-content\/uploads\/2019\/05\/vme4-213x300.png\" data-envira-src=\"https:\/\/www.vme.al\/wp-content\/uploads\/2019\/05\/vme4-213x300.png\" data-envira-gallery-id=\"435\" data-envira-item-id=\"699\" data-envira-caption=\"vme4\" alt=\"\" title=\"vme4\"  itemprop=\"thumbnailUrl\" data-envira-srcset=\"https:\/\/www.vme.al\/wp-content\/uploads\/2019\/05\/vme4-213x300.png 400w,https:\/\/www.vme.al\/wp-content\/uploads\/2019\/05\/vme4-213x300.png 2x\" data-envira-width=\"213\" data-envira-height=\"300\" srcset=\"data:image\/gif;base64,R0lGODlhAQABAIAAAP\/\/\/\/\/\/\/yH5BAEKAAEALAAAAAABAAEAAAICTAEAOw==\" data-safe-src=\"data:image\/gif;base64,R0lGODlhAQABAIAAAP\/\/\/\/\/\/\/yH5BAEKAAEALAAAAAABAAEAAAICTAEAOw==\" \/><\/a><\/div><\/div><div id=\"envira-gallery-item-700\" class=\"envira-gallery-item enviratope-item envira-gallery-item-5 envira-lazy-load\" style=\"padding-left: 5px; padding-bottom: 10px; padding-right: 5px;\"  itemscope itemtype=\"https:\/\/schema.org\/ImageObject\"><div class=\"envira-gallery-item-inner\"><div class=\"envira-gallery-position-overlay  envira-gallery-top-left\"><\/div><div class=\"envira-gallery-position-overlay  envira-gallery-top-right\"><\/div><div class=\"envira-gallery-position-overlay  envira-gallery-bottom-left\"><\/div><div class=\"envira-gallery-position-overlay  envira-gallery-bottom-right\"><\/div><a href=\"https:\/\/www.vme.al\/wp-content\/uploads\/2019\/05\/vme5.png\" class=\"envira-gallery-435 envira-gallery-link\" rel=\"enviragallery435\" title=\"vme5\" data-envira-caption=\"vme5\" data-envira-retina=\"\" data-thumbnail=\"\"  itemprop=\"contentUrl\"><img decoding=\"async\" id=\"envira-gallery-image-700\" class=\"envira-gallery-image envira-gallery-image-5 envira-normal envira-lazy\" data-envira-index=\"5\" src=\"https:\/\/www.vme.al\/wp-content\/uploads\/2019\/05\/vme5-212x300.png\" data-envira-src=\"https:\/\/www.vme.al\/wp-content\/uploads\/2019\/05\/vme5-212x300.png\" data-envira-gallery-id=\"435\" data-envira-item-id=\"700\" data-envira-caption=\"vme5\" alt=\"\" title=\"vme5\"  itemprop=\"thumbnailUrl\" data-envira-srcset=\"https:\/\/www.vme.al\/wp-content\/uploads\/2019\/05\/vme5-212x300.png 400w,https:\/\/www.vme.al\/wp-content\/uploads\/2019\/05\/vme5-212x300.png 2x\" data-envira-width=\"212\" data-envira-height=\"300\" srcset=\"data:image\/gif;base64,R0lGODlhAQABAIAAAP\/\/\/\/\/\/\/yH5BAEKAAEALAAAAAABAAEAAAICTAEAOw==\" data-safe-src=\"data:image\/gif;base64,R0lGODlhAQABAIAAAP\/\/\/\/\/\/\/yH5BAEKAAEALAAAAAABAAEAAAICTAEAOw==\" \/><\/a><\/div><\/div><div id=\"envira-gallery-item-701\" class=\"envira-gallery-item enviratope-item envira-gallery-item-6 envira-lazy-load\" style=\"padding-left: 5px; padding-bottom: 10px; padding-right: 5px;\"  itemscope itemtype=\"https:\/\/schema.org\/ImageObject\"><div class=\"envira-gallery-item-inner\"><div class=\"envira-gallery-position-overlay  envira-gallery-top-left\"><\/div><div class=\"envira-gallery-position-overlay  envira-gallery-top-right\"><\/div><div class=\"envira-gallery-position-overlay  envira-gallery-bottom-left\"><\/div><div class=\"envira-gallery-position-overlay  envira-gallery-bottom-right\"><\/div><a href=\"https:\/\/www.vme.al\/wp-content\/uploads\/2019\/05\/vme6.png\" class=\"envira-gallery-435 envira-gallery-link\" rel=\"enviragallery435\" title=\"vme6\" data-envira-caption=\"vme6\" data-envira-retina=\"\" data-thumbnail=\"\"  itemprop=\"contentUrl\"><img decoding=\"async\" id=\"envira-gallery-image-701\" class=\"envira-gallery-image envira-gallery-image-6 envira-normal envira-lazy\" data-envira-index=\"6\" src=\"https:\/\/www.vme.al\/wp-content\/uploads\/2019\/05\/vme6-213x300.png\" data-envira-src=\"https:\/\/www.vme.al\/wp-content\/uploads\/2019\/05\/vme6-213x300.png\" data-envira-gallery-id=\"435\" data-envira-item-id=\"701\" data-envira-caption=\"vme6\" alt=\"\" title=\"vme6\"  itemprop=\"thumbnailUrl\" data-envira-srcset=\"https:\/\/www.vme.al\/wp-content\/uploads\/2019\/05\/vme6-213x300.png 400w,https:\/\/www.vme.al\/wp-content\/uploads\/2019\/05\/vme6-213x300.png 2x\" data-envira-width=\"213\" data-envira-height=\"300\" srcset=\"data:image\/gif;base64,R0lGODlhAQABAIAAAP\/\/\/\/\/\/\/yH5BAEKAAEALAAAAAABAAEAAAICTAEAOw==\" data-safe-src=\"data:image\/gif;base64,R0lGODlhAQABAIAAAP\/\/\/\/\/\/\/yH5BAEKAAEALAAAAAABAAEAAAICTAEAOw==\" \/><\/a><\/div><\/div><div id=\"envira-gallery-item-702\" class=\"envira-gallery-item enviratope-item envira-gallery-item-7 envira-lazy-load\" style=\"padding-left: 5px; padding-bottom: 10px; padding-right: 5px;\"  itemscope itemtype=\"https:\/\/schema.org\/ImageObject\"><div class=\"envira-gallery-item-inner\"><div class=\"envira-gallery-position-overlay  envira-gallery-top-left\"><\/div><div class=\"envira-gallery-position-overlay  envira-gallery-top-right\"><\/div><div class=\"envira-gallery-position-overlay  envira-gallery-bottom-left\"><\/div><div class=\"envira-gallery-position-overlay  envira-gallery-bottom-right\"><\/div><a href=\"https:\/\/www.vme.al\/wp-content\/uploads\/2019\/05\/vme7.png\" class=\"envira-gallery-435 envira-gallery-link\" rel=\"enviragallery435\" title=\"vme7\" data-envira-caption=\"vme7\" data-envira-retina=\"\" data-thumbnail=\"\"  itemprop=\"contentUrl\"><img decoding=\"async\" id=\"envira-gallery-image-702\" class=\"envira-gallery-image envira-gallery-image-7 envira-normal envira-lazy\" data-envira-index=\"7\" src=\"https:\/\/www.vme.al\/wp-content\/uploads\/2019\/05\/vme7-212x300.png\" data-envira-src=\"https:\/\/www.vme.al\/wp-content\/uploads\/2019\/05\/vme7-212x300.png\" data-envira-gallery-id=\"435\" data-envira-item-id=\"702\" data-envira-caption=\"vme7\" alt=\"\" title=\"vme7\"  itemprop=\"thumbnailUrl\" data-envira-srcset=\"https:\/\/www.vme.al\/wp-content\/uploads\/2019\/05\/vme7-212x300.png 400w,https:\/\/www.vme.al\/wp-content\/uploads\/2019\/05\/vme7-212x300.png 2x\" data-envira-width=\"212\" data-envira-height=\"300\" srcset=\"data:image\/gif;base64,R0lGODlhAQABAIAAAP\/\/\/\/\/\/\/yH5BAEKAAEALAAAAAABAAEAAAICTAEAOw==\" data-safe-src=\"data:image\/gif;base64,R0lGODlhAQABAIAAAP\/\/\/\/\/\/\/yH5BAEKAAEALAAAAAABAAEAAAICTAEAOw==\" \/><\/a><\/div><\/div><\/div><\/div><noscript><img decoding=\"async\" src=\"https:\/\/www.vme.al\/wp-content\/uploads\/2019\/05\/vme1.png\" alt=\"\" \/><img decoding=\"async\" src=\"https:\/\/www.vme.al\/wp-content\/uploads\/2019\/05\/vme2.png\" alt=\"\" \/><img decoding=\"async\" src=\"https:\/\/www.vme.al\/wp-content\/uploads\/2019\/05\/vme3.png\" alt=\"\" \/><img decoding=\"async\" src=\"https:\/\/www.vme.al\/wp-content\/uploads\/2019\/05\/vme4.png\" alt=\"\" \/><img decoding=\"async\" src=\"https:\/\/www.vme.al\/wp-content\/uploads\/2019\/05\/vme5.png\" alt=\"\" \/><img decoding=\"async\" src=\"https:\/\/www.vme.al\/wp-content\/uploads\/2019\/05\/vme6.png\" alt=\"\" \/><img decoding=\"async\" src=\"https:\/\/www.vme.al\/wp-content\/uploads\/2019\/05\/vme7.png\" alt=\"\" \/><\/noscript><\/span><\/p>\n<p>&nbsp;<\/p>\n<p style=\"text-align: justify;\"><span style=\"font-size: 16px;\"><strong><span style=\"font-family: helvetica, arial, sans-serif;\">Certifikat\u00eb Inspektimi 17020<br \/>\n<\/span><\/strong><span style=\"font-family: helvetica, arial, sans-serif;\">VME sh.p.k m\u00eb dat\u00eb 23.08.2018 \u00ebsht\u00eb akredituar si Trup\u00eb Inspektuese p\u00ebr t\u00eb kryer Inspektim sipas standardit S SH EN ISO\/IEC 17020:2012. VME \u00ebsht\u00eb riakredituar m\u00eb 22.08.2022, Certifikata mban numrin TI 034 dhe \u00ebsht\u00eb e vlefshme deri m\u00eb 21.08.2026<\/span><\/span><\/p>\n<p><span style=\"font-size: 16px;\"><div id=\"envira-gallery-wrap-442\" class=\"envira-gallery-wrap envira-gallery-theme-base envira-lightbox-theme-base\" itemscope itemtype=\"https:\/\/schema.org\/ImageGallery\"><div data-row-height=\"150\" data-gallery-theme=\"normal\" id=\"envira-gallery-442\" class=\"envira-gallery-public envira-gallery-justified-public envira-gallery-0-columns envira-clear enviratope envira-gallery-css-animations\" data-envira-columns=\"0\"><div id=\"envira-gallery-item-750\" class=\"envira-gallery-item enviratope-item envira-gallery-item-1 envira-lazy-load\" style=\"padding-left: 5px; padding-bottom: 10px; padding-right: 5px;\"  itemscope itemtype=\"https:\/\/schema.org\/ImageObject\"><div class=\"envira-gallery-item-inner\"><div class=\"envira-gallery-position-overlay  envira-gallery-top-left\"><\/div><div class=\"envira-gallery-position-overlay  envira-gallery-top-right\"><\/div><div class=\"envira-gallery-position-overlay  envira-gallery-bottom-left\"><\/div><div class=\"envira-gallery-position-overlay  envira-gallery-bottom-right\"><\/div><a href=\"https:\/\/www.vme.al\/wp-content\/uploads\/2019\/05\/0001-scaled.jpg\" class=\"envira-gallery-442 envira-gallery-link\" rel=\"enviragallery442\" title=\"cai17020-1\" data-envira-caption=\"cai17020-1\" data-envira-retina=\"\" data-thumbnail=\"\"  itemprop=\"contentUrl\"><img decoding=\"async\" id=\"envira-gallery-image-750\" class=\"envira-gallery-image envira-gallery-image-1 envira-normal envira-lazy\" data-envira-index=\"1\" src=\"https:\/\/www.vme.al\/wp-content\/uploads\/2019\/05\/0001-212x300.jpg\" data-envira-src=\"https:\/\/www.vme.al\/wp-content\/uploads\/2019\/05\/0001-212x300.jpg\" data-envira-gallery-id=\"442\" data-envira-item-id=\"750\" data-envira-caption=\"cai17020-1\" alt=\"\" title=\"cai17020-1\"  itemprop=\"thumbnailUrl\" data-envira-srcset=\"https:\/\/www.vme.al\/wp-content\/uploads\/2019\/05\/0001-212x300.jpg 400w,https:\/\/www.vme.al\/wp-content\/uploads\/2019\/05\/0001-212x300.jpg 2x\" data-envira-width=\"212\" data-envira-height=\"300\" srcset=\"data:image\/gif;base64,R0lGODlhAQABAIAAAP\/\/\/\/\/\/\/yH5BAEKAAEALAAAAAABAAEAAAICTAEAOw==\" data-safe-src=\"data:image\/gif;base64,R0lGODlhAQABAIAAAP\/\/\/\/\/\/\/yH5BAEKAAEALAAAAAABAAEAAAICTAEAOw==\" \/><\/a><\/div><\/div><div id=\"envira-gallery-item-751\" class=\"envira-gallery-item enviratope-item envira-gallery-item-2 envira-lazy-load\" style=\"padding-left: 5px; padding-bottom: 10px; padding-right: 5px;\"  itemscope itemtype=\"https:\/\/schema.org\/ImageObject\"><div class=\"envira-gallery-item-inner\"><div class=\"envira-gallery-position-overlay  envira-gallery-top-left\"><\/div><div class=\"envira-gallery-position-overlay  envira-gallery-top-right\"><\/div><div class=\"envira-gallery-position-overlay  envira-gallery-bottom-left\"><\/div><div class=\"envira-gallery-position-overlay  envira-gallery-bottom-right\"><\/div><a href=\"https:\/\/www.vme.al\/wp-content\/uploads\/2019\/05\/0002-scaled.jpg\" class=\"envira-gallery-442 envira-gallery-link\" rel=\"enviragallery442\" title=\"cai17020-2\" data-envira-caption=\"cai17020-2\" data-envira-retina=\"\" data-thumbnail=\"\"  itemprop=\"contentUrl\"><img decoding=\"async\" id=\"envira-gallery-image-751\" class=\"envira-gallery-image envira-gallery-image-2 envira-normal envira-lazy\" data-envira-index=\"2\" src=\"https:\/\/www.vme.al\/wp-content\/uploads\/2019\/05\/0002-212x300.jpg\" data-envira-src=\"https:\/\/www.vme.al\/wp-content\/uploads\/2019\/05\/0002-212x300.jpg\" data-envira-gallery-id=\"442\" data-envira-item-id=\"751\" data-envira-caption=\"cai17020-2\" alt=\"\" title=\"cai17020-2\"  itemprop=\"thumbnailUrl\" data-envira-srcset=\"https:\/\/www.vme.al\/wp-content\/uploads\/2019\/05\/0002-212x300.jpg 400w,https:\/\/www.vme.al\/wp-content\/uploads\/2019\/05\/0002-212x300.jpg 2x\" data-envira-width=\"212\" data-envira-height=\"300\" srcset=\"data:image\/gif;base64,R0lGODlhAQABAIAAAP\/\/\/\/\/\/\/yH5BAEKAAEALAAAAAABAAEAAAICTAEAOw==\" data-safe-src=\"data:image\/gif;base64,R0lGODlhAQABAIAAAP\/\/\/\/\/\/\/yH5BAEKAAEALAAAAAABAAEAAAICTAEAOw==\" \/><\/a><\/div><\/div><div id=\"envira-gallery-item-752\" class=\"envira-gallery-item enviratope-item envira-gallery-item-3 envira-lazy-load\" style=\"padding-left: 5px; padding-bottom: 10px; padding-right: 5px;\"  itemscope itemtype=\"https:\/\/schema.org\/ImageObject\"><div class=\"envira-gallery-item-inner\"><div class=\"envira-gallery-position-overlay  envira-gallery-top-left\"><\/div><div class=\"envira-gallery-position-overlay  envira-gallery-top-right\"><\/div><div class=\"envira-gallery-position-overlay  envira-gallery-bottom-left\"><\/div><div class=\"envira-gallery-position-overlay  envira-gallery-bottom-right\"><\/div><a href=\"https:\/\/www.vme.al\/wp-content\/uploads\/2019\/05\/0003-scaled.jpg\" class=\"envira-gallery-442 envira-gallery-link\" rel=\"enviragallery442\" title=\"cai17020-3\" data-envira-caption=\"cai17020-3\" data-envira-retina=\"\" data-thumbnail=\"\"  itemprop=\"contentUrl\"><img decoding=\"async\" id=\"envira-gallery-image-752\" class=\"envira-gallery-image envira-gallery-image-3 envira-normal envira-lazy\" data-envira-index=\"3\" src=\"https:\/\/www.vme.al\/wp-content\/uploads\/2019\/05\/0003-212x300.jpg\" data-envira-src=\"https:\/\/www.vme.al\/wp-content\/uploads\/2019\/05\/0003-212x300.jpg\" data-envira-gallery-id=\"442\" data-envira-item-id=\"752\" data-envira-caption=\"cai17020-3\" alt=\"\" title=\"cai17020-3\"  itemprop=\"thumbnailUrl\" data-envira-srcset=\"https:\/\/www.vme.al\/wp-content\/uploads\/2019\/05\/0003-212x300.jpg 400w,https:\/\/www.vme.al\/wp-content\/uploads\/2019\/05\/0003-212x300.jpg 2x\" data-envira-width=\"212\" data-envira-height=\"300\" srcset=\"data:image\/gif;base64,R0lGODlhAQABAIAAAP\/\/\/\/\/\/\/yH5BAEKAAEALAAAAAABAAEAAAICTAEAOw==\" data-safe-src=\"data:image\/gif;base64,R0lGODlhAQABAIAAAP\/\/\/\/\/\/\/yH5BAEKAAEALAAAAAABAAEAAAICTAEAOw==\" \/><\/a><\/div><\/div><\/div><\/div><noscript><img decoding=\"async\" src=\"https:\/\/www.vme.al\/wp-content\/uploads\/2019\/05\/0001-scaled.jpg\" alt=\"\" \/><img decoding=\"async\" src=\"https:\/\/www.vme.al\/wp-content\/uploads\/2019\/05\/0002-scaled.jpg\" alt=\"\" \/><img decoding=\"async\" src=\"https:\/\/www.vme.al\/wp-content\/uploads\/2019\/05\/0003-scaled.jpg\" alt=\"\" \/><\/noscript><\/span><\/p>","protected":false},"excerpt":{"rendered":"<p>PSE VME? Sh\u00ebrbime tep\u00ebr t\u00eb sigurta, paanshmeria dhe konfidencialiteti jan\u00eb gur\u00ebt e themelit t\u00eb cilat na ngjit\u00ebn shum\u00eb shpejt n\u00eb kompanit\u00eb kryesore q\u00eb ofrojn\u00eb testime dhe inspektimeve n\u00eb tregun Shqiptar. Suksesi yn\u00eb bazohet n\u00eb vler\u00ebn ton\u00eb kryesore, njer\u00ebzit. Me nj\u00eb edukim t\u00eb diversifikuar dhe eksperienc\u00eb t\u00eb madhe n\u00eb fushat p\u00ebrkat\u00ebse,&#8230;<\/p>\n","protected":false},"author":2,"featured_media":0,"parent":0,"menu_order":0,"comment_status":"closed","ping_status":"closed","template":"","meta":{"footnotes":""},"class_list":["post-16","page","type-page","status-publish","hentry"],"_links":{"self":[{"href":"https:\/\/www.vme.al\/AL\/wp-json\/wp\/v2\/pages\/16","targetHints":{"allow":["GET"]}}],"collection":[{"href":"https:\/\/www.vme.al\/AL\/wp-json\/wp\/v2\/pages"}],"about":[{"href":"https:\/\/www.vme.al\/AL\/wp-json\/wp\/v2\/types\/page"}],"author":[{"embeddable":true,"href":"https:\/\/www.vme.al\/AL\/wp-json\/wp\/v2\/users\/2"}],"replies":[{"embeddable":true,"href":"https:\/\/www.vme.al\/AL\/wp-json\/wp\/v2\/comments?post=16"}],"version-history":[{"count":38,"href":"https:\/\/www.vme.al\/AL\/wp-json\/wp\/v2\/pages\/16\/revisions"}],"predecessor-version":[{"id":758,"href":"https:\/\/www.vme.al\/AL\/wp-json\/wp\/v2\/pages\/16\/revisions\/758"}],"wp:attachment":[{"href":"https:\/\/www.vme.al\/AL\/wp-json\/wp\/v2\/media?parent=16"}],"curies":[{"name":"wp","href":"https:\/\/api.w.org\/{rel}","templated":true}]}}